{"id":3017,"date":"2024-04-11T14:57:39","date_gmt":"2024-04-11T13:57:39","guid":{"rendered":"https:\/\/www.musikboutiquehotel.com\/?page_id=3017"},"modified":"2024-04-11T15:09:24","modified_gmt":"2024-04-11T14:09:24","slug":"cookie-richtlinie","status":"publish","type":"page","link":"https:\/\/www.musikboutiquehotel.com\/de\/cookie-richtlinie\/","title":{"rendered":"Cookie-Richtlinie"},"content":{"rendered":"\t\t<div data-elementor-type=\"wp-page\" data-elementor-id=\"3017\" class=\"elementor elementor-3017 elementor-1499\" data-elementor-settings=\"[]\">\n\t\t\t\t\t\t\t<div class=\"elementor-section-wrap\">\n\t\t\t\t\t\t\t<section class=\"elementor-section elementor-top-section elementor-element elementor-element-6de4f0b elementor-section-boxed elementor-section-height-default elementor-section-height-default\" data-id=\"6de4f0b\" data-element_type=\"section\">\n\t\t\t\t\t\t<div class=\"elementor-container elementor-column-gap-default\">\n\t\t\t\t\t<div class=\"elementor-column elementor-col-100 elementor-top-column elementor-element elementor-element-d693736\" data-id=\"d693736\" data-element_type=\"column\">\n\t\t\t<div class=\"elementor-widget-wrap elementor-element-populated\">\n\t\t\t\t\t\t\t\t<div class=\"elementor-element elementor-element-4f1b35c elementor-widget elementor-widget-text-editor\" data-id=\"4f1b35c\" data-element_type=\"widget\" data-widget_type=\"text-editor.default\">\n\t\t\t\t<div class=\"elementor-widget-container\">\n\t\t\t\t\t\t\t\t<ol><li>Was ist ein Cookie?<\/li><\/ol><p>Ein Cookie ist eine Datei, die auf Ihren Computer heruntergeladen wird, wenn Sie bestimmte Websites besuchen. Cookies erm\u00f6glichen es einer Website unter anderem, Informationen \u00fcber die Surfgewohnheiten eines Website-Besucher oder seines Computers zu speichern und abzurufen. Je nach den enthaltenen Informationen und der Art, wie der Computer genutzt wird, k\u00f6nnen sie zur Erkennung des Website-Besucher verwendet werden. Cookies enthalten keine spezifischen pers\u00f6nlichen Informationen, und die meisten werden am Ende der Browsersitzung von der Festplatte gel\u00f6scht (sogenannte Sitzungscookies).<\/p><p>Die meisten Browser akzeptieren Cookies standardm\u00e4\u00dfig und erlauben oder verhindern tempor\u00e4re oder gespeicherte Cookies in den Sicherheitseinstellungen.<\/p><ol start=\"2\"><li>Warum verwendet DEMCHENKO INTERNATIONAL GROUP, S.L. Cookies?<\/li><\/ol><p>Cookies werden eingesetzt, um Ihre Nutzererfahrung zu verbessern. Daher sind sie ein wichtiger Teil der Funktionsweise unserer Website. Sie werden unter anderem verwendet, um die w\u00e4hrend der Navigation verwendete Sprache zu speichern und bei zuk\u00fcnftigen Besuchen wieder abzurufen oder die Anzahl unserer Besucher zu ermitteln.<\/p><ol start=\"3\"><li>Welche Informationen speichert ein Cookie?<\/li><\/ol><p>Die von einem Cookie normalerweise gespeicherten Informationen werden nicht als sensible Informationen betrachtet. Es werden keine Daten wie Bankdetails, Personalausweisnummern und \u00e4hnliches gespeichert. Der Benutzer wird nicht als Person identifiziert, sondern der Webserver erkennt Sie anhand Ihres Webbrowsers.<\/p><ol start=\"4\"><li>Welche Arten von Cookies gibt es?<\/li><\/ol><p>Technische Cookies: Diese erm\u00f6glichen dem Benutzer die Navigation auf einer Webseite, Plattform oder Anwendung und die Nutzung der verschiedenen Optionen oder Dienste, die darauf existieren.<\/p><p>Personalisierte Cookies: Diese erm\u00f6glichen dem Benutzer den Zugang zum Dienst mit einigen allgemeinen, vordefinierten Merkmalen basierend auf einer Reihe von Kriterien im Endger\u00e4t des Benutzers.<\/p><p>Analysecookies: Diese k\u00f6nnen von uns oder von Dritten verarbeitet werden und erm\u00f6glichen es uns, die Anzahl der Benutzer zu quantifizieren und so die Nutzung der angebotenen Dienste zu messen und statistisch zu analysieren.<\/p><p>Werbe-Cookies: Diese erm\u00f6glichen es, das Angebot von Werbefl\u00e4chen auf der Webseite so effizient wie m\u00f6glich zu verwalten.<\/p><ol start=\"5\"><li>Was sind eigene und von Dritten gesetzte Cookies?<\/li><\/ol><ul><li><p>Eigene Cookies: Das sind Cookies, die an den Benutzer von einem von uns verwalteten Computer oder Domain gesendet werden.<\/p><\/li><li><p>Cookies von Dritten: Das sind Cookies, die von externen Diensten oder Anbietern wie Facebook, Twitter, Google usw. generiert werden.<\/p><\/li><\/ul><ol start=\"6\"><li><p>Welche Cookies werden auf dieser Webseite verwendet?<\/p><\/li><li><p>K\u00f6nnen Cookies deaktiviert oder gel\u00f6scht werden?<\/p><\/li><\/ol><p>Sie k\u00f6nnen die Verarbeitung von Daten oder Informationen, die durch Cookies gesammelt werden, jederzeit ablehnen, indem Sie die Einstellungen Ihres Internetbrowsers konfigurieren. Sie k\u00f6nnen das Speichern von Cookies auf Ihrem Computer zulassen, blockieren oder l\u00f6schen.<\/p><p>Dies kann jedoch die optimale Navigation auf unserer Website beeintr\u00e4chtigen, da einige Funktionen deaktiviert werden und die Anzeige einiger Tools beeintr\u00e4chtigt werden kann.<\/p><p>F\u00fcr weitere Informationen zu Firefox, Chrome, Explorer, Safari und Opera klicken Sie bitte auf die entsprechenden Links.<\/p><ol start=\"8\"><li>Der Benutzer akzeptiert ausdr\u00fccklich durch die Nutzung dieser Website die Verarbeitung der gesammelten Informationen in der beschriebenen Art und Weise und zu den genannten Zwecken. Ebenso erkennt er die M\u00f6glichkeit an, die Verarbeitung von Daten oder Informationen abzulehnen, indem er die Verwendung von Cookies durch die Auswahl der entsprechenden Einstellungen zu diesem Zweck in seinem Browser ablehnt. Diese Option zum Blockieren von Cookies in Ihrem Browser kann jedoch die vollst\u00e4ndige Nutzung aller Funktionen der Website verhindern.<\/li><\/ol>\t\t\t\t\t\t<\/div>\n\t\t\t\t<\/div>\n\t\t\t\t\t<\/div>\n\t\t<\/div>\n\t\t\t\t\t\t\t<\/div>\n\t\t<\/section>\n\t\t\t\t\t\t<\/div>\n\t\t\t\t\t<\/div>\n\t\t","protected":false},"excerpt":{"rendered":"<p>Was ist ein Cookie? Ein Cookie ist eine Datei, die auf Ihren Computer heruntergeladen wird, wenn Sie bestimmte Websites besuchen. Cookies erm\u00f6glichen es einer Website unter anderem, Informationen \u00fcber die [&hellip;]<\/p>\n","protected":false},"author":1,"featured_media":0,"parent":0,"menu_order":0,"comment_status":"closed","ping_status":"closed","template":"","meta":{"footnotes":""},"class_list":["post-3017","page","type-page","status-publish","hentry"],"yoast_head":"<!-- This site is optimized with the Yoast SEO plugin v16.5 - https:\/\/yoast.com\/wordpress\/plugins\/seo\/ -->\n<title>Cookie-Richtlinie - musikboutiquehotel.com<\/title>\n<meta name=\"robots\" content=\"index, follow, max-snippet:-1, max-image-preview:large, max-video-preview:-1\" \/>\n<link rel=\"canonical\" href=\"https:\/\/www.musikboutiquehotel.com\/de\/cookie-richtlinie\/\" \/>\n<meta property=\"og:locale\" content=\"de_DE\" \/>\n<meta property=\"og:type\" content=\"article\" \/>\n<meta property=\"og:title\" content=\"Cookie-Richtlinie - musikboutiquehotel.com\" \/>\n<meta property=\"og:description\" content=\"Was ist ein Cookie? Ein Cookie ist eine Datei, die auf Ihren Computer heruntergeladen wird, wenn Sie bestimmte Websites besuchen. Cookies erm\u00f6glichen es einer Website unter anderem, Informationen \u00fcber die [&hellip;]\" \/>\n<meta property=\"og:url\" content=\"https:\/\/www.musikboutiquehotel.com\/de\/cookie-richtlinie\/\" \/>\n<meta property=\"og:site_name\" content=\"musikboutiquehotel.com\" \/>\n<meta property=\"article:modified_time\" content=\"2024-04-11T14:09:24+00:00\" \/>\n<meta name=\"twitter:card\" content=\"summary_large_image\" \/>\n<meta name=\"twitter:label1\" content=\"Gesch\u00e4tzte Lesezeit\" \/>\n\t<meta name=\"twitter:data1\" content=\"3\u00a0Minuten\" \/>\n<script type=\"application\/ld+json\" class=\"yoast-schema-graph\">{\"@context\":\"https:\/\/schema.org\",\"@graph\":[{\"@type\":\"WebSite\",\"@id\":\"https:\/\/www.musikboutiquehotel.com\/de\/#website\",\"url\":\"https:\/\/www.musikboutiquehotel.com\/de\/\",\"name\":\"musikboutiquehotel.com\",\"description\":\"Romantic Hotel in Barcelona\",\"potentialAction\":[{\"@type\":\"SearchAction\",\"target\":\"https:\/\/www.musikboutiquehotel.com\/de\/?s={search_term_string}\",\"query-input\":\"required name=search_term_string\"}],\"inLanguage\":\"de\"},{\"@type\":\"WebPage\",\"@id\":\"https:\/\/www.musikboutiquehotel.com\/de\/cookie-richtlinie\/#webpage\",\"url\":\"https:\/\/www.musikboutiquehotel.com\/de\/cookie-richtlinie\/\",\"name\":\"Cookie-Richtlinie - musikboutiquehotel.com\",\"isPartOf\":{\"@id\":\"https:\/\/www.musikboutiquehotel.com\/de\/#website\"},\"datePublished\":\"2024-04-11T13:57:39+00:00\",\"dateModified\":\"2024-04-11T14:09:24+00:00\",\"breadcrumb\":{\"@id\":\"https:\/\/www.musikboutiquehotel.com\/de\/cookie-richtlinie\/#breadcrumb\"},\"inLanguage\":\"de\",\"potentialAction\":[{\"@type\":\"ReadAction\",\"target\":[\"https:\/\/www.musikboutiquehotel.com\/de\/cookie-richtlinie\/\"]}]},{\"@type\":\"BreadcrumbList\",\"@id\":\"https:\/\/www.musikboutiquehotel.com\/de\/cookie-richtlinie\/#breadcrumb\",\"itemListElement\":[{\"@type\":\"ListItem\",\"position\":1,\"name\":\"Home\",\"item\":\"https:\/\/www.musikboutiquehotel.com\/de\/\"},{\"@type\":\"ListItem\",\"position\":2,\"name\":\"Cookie-Richtlinie\"}]}]}<\/script>\n<!-- \/ Yoast SEO plugin. -->","_links":{"self":[{"href":"https:\/\/www.musikboutiquehotel.com\/de\/wp-json\/wp\/v2\/pages\/3017","targetHints":{"allow":["GET"]}}],"collection":[{"href":"https:\/\/www.musikboutiquehotel.com\/de\/wp-json\/wp\/v2\/pages"}],"about":[{"href":"https:\/\/www.musikboutiquehotel.com\/de\/wp-json\/wp\/v2\/types\/page"}],"author":[{"embeddable":true,"href":"https:\/\/www.musikboutiquehotel.com\/de\/wp-json\/wp\/v2\/users\/1"}],"replies":[{"embeddable":true,"href":"https:\/\/www.musikboutiquehotel.com\/de\/wp-json\/wp\/v2\/comments?post=3017"}],"version-history":[{"count":7,"href":"https:\/\/www.musikboutiquehotel.com\/de\/wp-json\/wp\/v2\/pages\/3017\/revisions"}],"predecessor-version":[{"id":3033,"href":"https:\/\/www.musikboutiquehotel.com\/de\/wp-json\/wp\/v2\/pages\/3017\/revisions\/3033"}],"wp:attachment":[{"href":"https:\/\/www.musikboutiquehotel.com\/de\/wp-json\/wp\/v2\/media?parent=3017"}],"curies":[{"name":"wp","href":"https:\/\/api.w.org\/{rel}","templated":true}]}}