{"id":3098,"date":"2024-04-12T09:09:37","date_gmt":"2024-04-12T08:09:37","guid":{"rendered":"https:\/\/www.musikboutiquehotel.com\/?page_id=3098"},"modified":"2024-04-16T09:45:27","modified_gmt":"2024-04-16T08:45:27","slug":"rechtshinweis","status":"publish","type":"page","link":"https:\/\/www.musikboutiquehotel.com\/de\/rechtshinweis\/","title":{"rendered":"Rechtshinweis"},"content":{"rendered":"\t\t<div data-elementor-type=\"wp-page\" data-elementor-id=\"3098\" class=\"elementor elementor-3098 elementor-1510\" data-elementor-settings=\"[]\">\n\t\t\t\t\t\t\t<div class=\"elementor-section-wrap\">\n\t\t\t\t\t\t\t<section class=\"elementor-section elementor-top-section elementor-element elementor-element-9d9ea5e elementor-section-boxed elementor-section-height-default elementor-section-height-default\" data-id=\"9d9ea5e\" data-element_type=\"section\">\n\t\t\t\t\t\t<div class=\"elementor-container elementor-column-gap-default\">\n\t\t\t\t\t<div class=\"elementor-column elementor-col-100 elementor-top-column elementor-element elementor-element-4557bb8\" data-id=\"4557bb8\" data-element_type=\"column\">\n\t\t\t<div class=\"elementor-widget-wrap elementor-element-populated\">\n\t\t\t\t\t\t\t\t<div class=\"elementor-element elementor-element-0ef03e1 elementor-widget elementor-widget-text-editor\" data-id=\"0ef03e1\" data-element_type=\"widget\" data-widget_type=\"text-editor.default\">\n\t\t\t\t<div class=\"elementor-widget-container\">\n\t\t\t\t\t\t\t\t<p>Im Nachstehenden finden Sie Informationen zum Verantwortlichen dieser Website:<\/p><p>UNTERNEHMENSBEZEICHNUNG<\/p><p>DEMCHENKO INTERNATIONAL GROUP, S.L.<\/p><p>STEUERNUMMER<\/p><p>B-65046427<\/p><p>ADRESSE<\/p><p>C\/ Mestre Nicolau 13, 7 &#8211; 2, 08021, Barcelona, Spanien<\/p><p>E-MAIL<\/p><p><a target=\"_new\">info@musikboutiquehotel.com<\/a><\/p><p>TELEFON<\/p><p>932 22 55 44<\/p><p>REGISTEREINTRAGUNG<\/p><p>Handelsregister von Barcelona, Band 41053, Folio 210, Seite B-377286, Eintrag 1a.<\/p><p>Der genannte Domain-Name darf nicht in Verbindung mit anderen Inhalten, Produkten oder Dienstleistungen verwendet werden, die nicht Eigentum der Entit\u00e4t sind oder auf irgendeine Weise Verwirrung unter den Endbenutzern stiften oder das Ansehen der Entit\u00e4t sch\u00e4digen k\u00f6nnten.<\/p>\t\t\t\t\t\t<\/div>\n\t\t\t\t<\/div>\n\t\t\t\t\t<\/div>\n\t\t<\/div>\n\t\t\t\t\t\t\t<\/div>\n\t\t<\/section>\n\t\t\t\t\t\t<\/div>\n\t\t\t\t\t<\/div>\n\t\t","protected":false},"excerpt":{"rendered":"<p>Im Nachstehenden finden Sie Informationen zum Verantwortlichen dieser Website: UNTERNEHMENSBEZEICHNUNG DEMCHENKO INTERNATIONAL GROUP, S.L. STEUERNUMMER B-65046427 ADRESSE C\/ Mestre Nicolau 13, 7 &#8211; 2, 08021, Barcelona, Spanien E-MAIL info@musikboutiquehotel.com TELEFON [&hellip;]<\/p>\n","protected":false},"author":1,"featured_media":0,"parent":0,"menu_order":0,"comment_status":"closed","ping_status":"closed","template":"","meta":{"footnotes":""},"class_list":["post-3098","page","type-page","status-publish","hentry"],"yoast_head":"<!-- This site is optimized with the Yoast SEO plugin v16.5 - https:\/\/yoast.com\/wordpress\/plugins\/seo\/ -->\n<title>Rechtshinweis - musikboutiquehotel.com<\/title>\n<meta name=\"robots\" content=\"index, follow, max-snippet:-1, max-image-preview:large, max-video-preview:-1\" \/>\n<link rel=\"canonical\" href=\"https:\/\/www.musikboutiquehotel.com\/de\/rechtshinweis\/\" \/>\n<meta property=\"og:locale\" content=\"de_DE\" \/>\n<meta property=\"og:type\" content=\"article\" \/>\n<meta property=\"og:title\" content=\"Rechtshinweis - musikboutiquehotel.com\" \/>\n<meta property=\"og:description\" content=\"Im Nachstehenden finden Sie Informationen zum Verantwortlichen dieser Website: UNTERNEHMENSBEZEICHNUNG DEMCHENKO INTERNATIONAL GROUP, S.L. STEUERNUMMER B-65046427 ADRESSE C\/ Mestre Nicolau 13, 7 &#8211; 2, 08021, Barcelona, Spanien E-MAIL info@musikboutiquehotel.com TELEFON [&hellip;]\" \/>\n<meta property=\"og:url\" content=\"https:\/\/www.musikboutiquehotel.com\/de\/rechtshinweis\/\" \/>\n<meta property=\"og:site_name\" content=\"musikboutiquehotel.com\" \/>\n<meta property=\"article:modified_time\" content=\"2024-04-16T08:45:27+00:00\" \/>\n<meta name=\"twitter:card\" content=\"summary_large_image\" \/>\n<script type=\"application\/ld+json\" class=\"yoast-schema-graph\">{\"@context\":\"https:\/\/schema.org\",\"@graph\":[{\"@type\":\"WebSite\",\"@id\":\"https:\/\/www.musikboutiquehotel.com\/de\/#website\",\"url\":\"https:\/\/www.musikboutiquehotel.com\/de\/\",\"name\":\"musikboutiquehotel.com\",\"description\":\"Romantic Hotel in Barcelona\",\"potentialAction\":[{\"@type\":\"SearchAction\",\"target\":\"https:\/\/www.musikboutiquehotel.com\/de\/?s={search_term_string}\",\"query-input\":\"required name=search_term_string\"}],\"inLanguage\":\"de\"},{\"@type\":\"WebPage\",\"@id\":\"https:\/\/www.musikboutiquehotel.com\/de\/rechtshinweis\/#webpage\",\"url\":\"https:\/\/www.musikboutiquehotel.com\/de\/rechtshinweis\/\",\"name\":\"Rechtshinweis - musikboutiquehotel.com\",\"isPartOf\":{\"@id\":\"https:\/\/www.musikboutiquehotel.com\/de\/#website\"},\"datePublished\":\"2024-04-12T08:09:37+00:00\",\"dateModified\":\"2024-04-16T08:45:27+00:00\",\"breadcrumb\":{\"@id\":\"https:\/\/www.musikboutiquehotel.com\/de\/rechtshinweis\/#breadcrumb\"},\"inLanguage\":\"de\",\"potentialAction\":[{\"@type\":\"ReadAction\",\"target\":[\"https:\/\/www.musikboutiquehotel.com\/de\/rechtshinweis\/\"]}]},{\"@type\":\"BreadcrumbList\",\"@id\":\"https:\/\/www.musikboutiquehotel.com\/de\/rechtshinweis\/#breadcrumb\",\"itemListElement\":[{\"@type\":\"ListItem\",\"position\":1,\"name\":\"Home\",\"item\":\"https:\/\/www.musikboutiquehotel.com\/de\/\"},{\"@type\":\"ListItem\",\"position\":2,\"name\":\"Rechtshinweis\"}]}]}<\/script>\n<!-- \/ Yoast SEO plugin. -->","_links":{"self":[{"href":"https:\/\/www.musikboutiquehotel.com\/de\/wp-json\/wp\/v2\/pages\/3098","targetHints":{"allow":["GET"]}}],"collection":[{"href":"https:\/\/www.musikboutiquehotel.com\/de\/wp-json\/wp\/v2\/pages"}],"about":[{"href":"https:\/\/www.musikboutiquehotel.com\/de\/wp-json\/wp\/v2\/types\/page"}],"author":[{"embeddable":true,"href":"https:\/\/www.musikboutiquehotel.com\/de\/wp-json\/wp\/v2\/users\/1"}],"replies":[{"embeddable":true,"href":"https:\/\/www.musikboutiquehotel.com\/de\/wp-json\/wp\/v2\/comments?post=3098"}],"version-history":[{"count":4,"href":"https:\/\/www.musikboutiquehotel.com\/de\/wp-json\/wp\/v2\/pages\/3098\/revisions"}],"predecessor-version":[{"id":3102,"href":"https:\/\/www.musikboutiquehotel.com\/de\/wp-json\/wp\/v2\/pages\/3098\/revisions\/3102"}],"wp:attachment":[{"href":"https:\/\/www.musikboutiquehotel.com\/de\/wp-json\/wp\/v2\/media?parent=3098"}],"curies":[{"name":"wp","href":"https:\/\/api.w.org\/{rel}","templated":true}]}}