{"id":3124,"date":"2024-04-15T09:47:04","date_gmt":"2024-04-15T08:47:04","guid":{"rendered":"https:\/\/www.musikboutiquehotel.com\/?page_id=3124"},"modified":"2024-04-15T09:49:36","modified_gmt":"2024-04-15T08:49:36","slug":"musik-boutique-hotelzimmer","status":"publish","type":"page","link":"https:\/\/www.musikboutiquehotel.com\/de\/musik-boutique-hotelzimmer\/","title":{"rendered":"Musik Boutique Hotelzimmer"},"content":{"rendered":"\t\t<div data-elementor-type=\"wp-page\" data-elementor-id=\"3124\" class=\"elementor elementor-3124 elementor-96\" data-elementor-settings=\"[]\">\n\t\t\t\t\t\t\t<div class=\"elementor-section-wrap\">\n\t\t\t\t\t\t\t<section class=\"elementor-section elementor-top-section elementor-element elementor-element-12c470f4 elementor-section-boxed elementor-section-height-default elementor-section-height-default\" data-id=\"12c470f4\" data-element_type=\"section\">\n\t\t\t\t\t\t<div class=\"elementor-container elementor-column-gap-default\">\n\t\t\t\t\t<div class=\"elementor-column elementor-col-100 elementor-top-column elementor-element elementor-element-732a1c18\" data-id=\"732a1c18\" data-element_type=\"column\">\n\t\t\t<div class=\"elementor-widget-wrap elementor-element-populated\">\n\t\t\t\t\t\t\t\t<div class=\"elementor-element elementor-element-502235cd elementor-widget elementor-widget-text-editor\" data-id=\"502235cd\" data-element_type=\"widget\" data-widget_type=\"text-editor.default\">\n\t\t\t\t<div class=\"elementor-widget-container\">\n\t\t\t\t\t\t\t\t<div class=\"entry-content-intro\"><p>Unsere modern und elegant gestalteten Zimmer versprechen Ihnen einen unvergesslichen Aufenthalt in Barcelona. Sie sind nicht nur komfortabel eingerichtet und lichtdurchflutet, sondern auch mit durchdachten Details ausgestattet.<\/p><p>Hell, ger\u00e4umig und komfortabel. Jedes einzelne unserer G\u00e4stezimmer wurde speziell im Interesse unserer G\u00e4ste gestaltet und dekoriert. Wir m\u00f6chten, dass Sie sich wie zu Hause f\u00fchlen und mit unserem Service rundum zufrieden sind, damit Ihre St\u00e4dtereise ein einzigartiges Erlebnis wird. Das 3* Musik Boutique Hotel verf\u00fcgt \u00fcber 23 exklusive, individuell gestaltete Zimmer, die geschmackvoll eingerichtet und komplett ausgestattet sind. Alle Zimmer sind Nichtraucherzimmer und\u00a0bieten h\u00f6chsten Komfort und dank ihrer Au\u00dfenlage viel Tageslicht.<\/p><\/div>\t\t\t\t\t\t<\/div>\n\t\t\t\t<\/div>\n\t\t\t\t\t<\/div>\n\t\t<\/div>\n\t\t\t\t\t\t\t<\/div>\n\t\t<\/section>\n\t\t\t\t\t\t<\/div>\n\t\t\t\t\t<\/div>\n\t\t","protected":false},"excerpt":{"rendered":"<p>Unsere modern und elegant gestalteten Zimmer versprechen Ihnen einen unvergesslichen Aufenthalt in Barcelona. Sie sind nicht nur komfortabel eingerichtet und lichtdurchflutet, sondern auch mit durchdachten Details ausgestattet. Hell, ger\u00e4umig und [&hellip;]<\/p>\n","protected":false},"author":1,"featured_media":0,"parent":0,"menu_order":0,"comment_status":"closed","ping_status":"closed","template":"","meta":{"footnotes":""},"class_list":["post-3124","page","type-page","status-publish","hentry"],"yoast_head":"<!-- This site is optimized with the Yoast SEO plugin v16.5 - https:\/\/yoast.com\/wordpress\/plugins\/seo\/ -->\n<title>Musik Boutique Hotelzimmer - musikboutiquehotel.com<\/title>\n<meta name=\"robots\" content=\"index, follow, max-snippet:-1, max-image-preview:large, max-video-preview:-1\" \/>\n<link rel=\"canonical\" href=\"https:\/\/www.musikboutiquehotel.com\/de\/musik-boutique-hotelzimmer\/\" \/>\n<meta property=\"og:locale\" content=\"de_DE\" \/>\n<meta property=\"og:type\" content=\"article\" \/>\n<meta property=\"og:title\" content=\"Musik Boutique Hotelzimmer - musikboutiquehotel.com\" \/>\n<meta property=\"og:description\" content=\"Unsere modern und elegant gestalteten Zimmer versprechen Ihnen einen unvergesslichen Aufenthalt in Barcelona. Sie sind nicht nur komfortabel eingerichtet und lichtdurchflutet, sondern auch mit durchdachten Details ausgestattet. Hell, ger\u00e4umig und [&hellip;]\" \/>\n<meta property=\"og:url\" content=\"https:\/\/www.musikboutiquehotel.com\/de\/musik-boutique-hotelzimmer\/\" \/>\n<meta property=\"og:site_name\" content=\"musikboutiquehotel.com\" \/>\n<meta property=\"article:modified_time\" content=\"2024-04-15T08:49:36+00:00\" \/>\n<meta name=\"twitter:card\" content=\"summary_large_image\" \/>\n<meta name=\"twitter:label1\" content=\"Gesch\u00e4tzte Lesezeit\" \/>\n\t<meta name=\"twitter:data1\" content=\"1\u00a0Minute\" \/>\n<script type=\"application\/ld+json\" class=\"yoast-schema-graph\">{\"@context\":\"https:\/\/schema.org\",\"@graph\":[{\"@type\":\"WebSite\",\"@id\":\"https:\/\/www.musikboutiquehotel.com\/de\/#website\",\"url\":\"https:\/\/www.musikboutiquehotel.com\/de\/\",\"name\":\"musikboutiquehotel.com\",\"description\":\"Romantic Hotel in Barcelona\",\"potentialAction\":[{\"@type\":\"SearchAction\",\"target\":\"https:\/\/www.musikboutiquehotel.com\/de\/?s={search_term_string}\",\"query-input\":\"required name=search_term_string\"}],\"inLanguage\":\"de\"},{\"@type\":\"WebPage\",\"@id\":\"https:\/\/www.musikboutiquehotel.com\/de\/musik-boutique-hotelzimmer\/#webpage\",\"url\":\"https:\/\/www.musikboutiquehotel.com\/de\/musik-boutique-hotelzimmer\/\",\"name\":\"Musik Boutique Hotelzimmer - musikboutiquehotel.com\",\"isPartOf\":{\"@id\":\"https:\/\/www.musikboutiquehotel.com\/de\/#website\"},\"datePublished\":\"2024-04-15T08:47:04+00:00\",\"dateModified\":\"2024-04-15T08:49:36+00:00\",\"breadcrumb\":{\"@id\":\"https:\/\/www.musikboutiquehotel.com\/de\/musik-boutique-hotelzimmer\/#breadcrumb\"},\"inLanguage\":\"de\",\"potentialAction\":[{\"@type\":\"ReadAction\",\"target\":[\"https:\/\/www.musikboutiquehotel.com\/de\/musik-boutique-hotelzimmer\/\"]}]},{\"@type\":\"BreadcrumbList\",\"@id\":\"https:\/\/www.musikboutiquehotel.com\/de\/musik-boutique-hotelzimmer\/#breadcrumb\",\"itemListElement\":[{\"@type\":\"ListItem\",\"position\":1,\"name\":\"Home\",\"item\":\"https:\/\/www.musikboutiquehotel.com\/de\/\"},{\"@type\":\"ListItem\",\"position\":2,\"name\":\"Musik Boutique Hotelzimmer\"}]}]}<\/script>\n<!-- \/ Yoast SEO plugin. -->","_links":{"self":[{"href":"https:\/\/www.musikboutiquehotel.com\/de\/wp-json\/wp\/v2\/pages\/3124","targetHints":{"allow":["GET"]}}],"collection":[{"href":"https:\/\/www.musikboutiquehotel.com\/de\/wp-json\/wp\/v2\/pages"}],"about":[{"href":"https:\/\/www.musikboutiquehotel.com\/de\/wp-json\/wp\/v2\/types\/page"}],"author":[{"embeddable":true,"href":"https:\/\/www.musikboutiquehotel.com\/de\/wp-json\/wp\/v2\/users\/1"}],"replies":[{"embeddable":true,"href":"https:\/\/www.musikboutiquehotel.com\/de\/wp-json\/wp\/v2\/comments?post=3124"}],"version-history":[{"count":4,"href":"https:\/\/www.musikboutiquehotel.com\/de\/wp-json\/wp\/v2\/pages\/3124\/revisions"}],"predecessor-version":[{"id":3128,"href":"https:\/\/www.musikboutiquehotel.com\/de\/wp-json\/wp\/v2\/pages\/3124\/revisions\/3128"}],"wp:attachment":[{"href":"https:\/\/www.musikboutiquehotel.com\/de\/wp-json\/wp\/v2\/media?parent=3124"}],"curies":[{"name":"wp","href":"https:\/\/api.w.org\/{rel}","templated":true}]}}