{"id":3157,"date":"2024-04-15T15:30:27","date_gmt":"2024-04-15T14:30:27","guid":{"rendered":"https:\/\/www.musikboutiquehotel.com\/?page_id=3157"},"modified":"2026-03-27T10:14:28","modified_gmt":"2026-03-27T10:14:28","slug":"dienstleistungen","status":"publish","type":"page","link":"https:\/\/www.musikboutiquehotel.com\/de\/dienstleistungen\/","title":{"rendered":"Services"},"content":{"rendered":"\t\t<div data-elementor-type=\"wp-page\" data-elementor-id=\"3157\" class=\"elementor elementor-3157 elementor-31\" data-elementor-settings=\"[]\">\n\t\t\t\t\t\t\t<div class=\"elementor-section-wrap\">\n\t\t\t\t\t\t\t<section class=\"elementor-section elementor-top-section elementor-element elementor-element-4ea5166f elementor-section-boxed elementor-section-height-default elementor-section-height-default\" data-id=\"4ea5166f\" data-element_type=\"section\">\n\t\t\t\t\t\t<div class=\"elementor-container elementor-column-gap-default\">\n\t\t\t\t\t<div class=\"elementor-column elementor-col-100 elementor-top-column elementor-element elementor-element-2692631c\" data-id=\"2692631c\" data-element_type=\"column\">\n\t\t\t<div class=\"elementor-widget-wrap elementor-element-populated\">\n\t\t\t\t\t\t\t\t<div class=\"elementor-element elementor-element-077124a elementor-widget elementor-widget-text-editor\" data-id=\"077124a\" data-element_type=\"widget\" data-widget_type=\"text-editor.default\">\n\t\t\t\t<div class=\"elementor-widget-container\">\n\t\t\t\t\t\t\t\t<p>Wir lieben es, uns um jedes Detail zu k\u00fcmmern, um den Aufenthalt unserer G\u00e4ste unvergesslich zu machen. Wenn Sie im Musik Boutique Hotel \u00fcbernachten, k\u00f6nnen Sie daher folgende Dienstleistungen in Anspruch nehmen.<\/p>\t\t\t\t\t\t<\/div>\n\t\t\t\t<\/div>\n\t\t\t\t<div class=\"elementor-element elementor-element-4a89080 elementor-widget elementor-widget-heading\" data-id=\"4a89080\" data-element_type=\"widget\" data-widget_type=\"heading.default\">\n\t\t\t\t<div class=\"elementor-widget-container\">\n\t\t\t<h3 class=\"elementor-heading-title elementor-size-default\">Fahrradverleih<\/h3>\t\t<\/div>\n\t\t\t\t<\/div>\n\t\t\t\t<div class=\"elementor-element elementor-element-16af1ed elementor-widget elementor-widget-text-editor\" data-id=\"16af1ed\" data-element_type=\"widget\" data-widget_type=\"text-editor.default\">\n\t\t\t\t<div class=\"elementor-widget-container\">\n\t\t\t\t\t\t\t\t<p>Das Musik Boutique Hotel bietet einen Fahrradverleih direkt im Hotel an! Erkunden Sie die Stadt mit dem Fahrrad f\u00fcr nur 15 \u20ac\/Tag! Mieten Sie sich die Fahrr\u00e4der pro Tag an der Rezeption und entdecken Sie die wundersch\u00f6ne Stadt auf zwei R\u00e4dern!<\/p>\t\t\t\t\t\t<\/div>\n\t\t\t\t<\/div>\n\t\t\t\t<div class=\"elementor-element elementor-element-9018efb elementor-widget elementor-widget-heading\" data-id=\"9018efb\" data-element_type=\"widget\" data-widget_type=\"heading.default\">\n\t\t\t\t<div class=\"elementor-widget-container\">\n\t\t\t<h3 class=\"elementor-heading-title elementor-size-default\">24h-Bar-Service<\/h3>\t\t<\/div>\n\t\t\t\t<\/div>\n\t\t\t\t<div class=\"elementor-element elementor-element-98477d3 elementor-widget elementor-widget-text-editor\" data-id=\"98477d3\" data-element_type=\"widget\" data-widget_type=\"text-editor.default\">\n\t\t\t\t<div class=\"elementor-widget-container\">\n\t\t\t\t\t\t\t\t<p>Dank unserer rund um die Uhr ge\u00f6ffneten Bar wird so schnell kein Durst aufkommen. G\u00f6nnen Sie sich hier eine Pause und entspannen Sie die m\u00fcden Beine nach Entdeckungstouren durch Barcelona. Wir begr\u00fc\u00dfen Sie rund um die Uhr, egal ob Nachmittagskaffee oder Abendcocktail.<\/p>\t\t\t\t\t\t<\/div>\n\t\t\t\t<\/div>\n\t\t\t\t<div class=\"elementor-element elementor-element-2994e72 elementor-widget elementor-widget-heading\" data-id=\"2994e72\" data-element_type=\"widget\" data-widget_type=\"heading.default\">\n\t\t\t\t<div class=\"elementor-widget-container\">\n\t\t\t<h3 class=\"elementor-heading-title elementor-size-default\">Fr\u00fchst\u00fcck<\/h3>\t\t<\/div>\n\t\t\t\t<\/div>\n\t\t\t\t<div class=\"elementor-element elementor-element-dc4e935 elementor-widget elementor-widget-text-editor\" data-id=\"dc4e935\" data-element_type=\"widget\" data-widget_type=\"text-editor.default\">\n\t\t\t\t<div class=\"elementor-widget-container\">\n\t\t\t\t\t\t\t\t<p>Bei uns erwartet Sie morgens ein vielseitiges Fr\u00fchst\u00fccksbuffet. Wir wissen, dass ein gesunder Start in den Tag essenziell ist, um gen\u00fcgend Energie f\u00fcr Stadterkundungen und Ausfl\u00fcge zu haben. Deshalb bietet unser Fr\u00fchst\u00fccksbuffet eine gro\u00dfe Auswahl an gesunden Optionen, um sicherzustellen, dass jeder Gast etwas Leckeres findet.<\/p><p><strong>Fr\u00fchst\u00fcckszeiten:<\/strong><br>Wochentags (Montag bis Freitag): 7:30 Uhr bis 10:30 Uhr<br>Wochenende (Samstag und Sonntag): 7:30 Uhr bis 11:00 Uhr<\/p>\t\t\t\t\t\t<\/div>\n\t\t\t\t<\/div>\n\t\t\t\t\t<\/div>\n\t\t<\/div>\n\t\t\t\t\t\t\t<\/div>\n\t\t<\/section>\n\t\t\t\t<section class=\"elementor-section elementor-top-section elementor-element elementor-element-0f854f3 elementor-section-boxed elementor-section-height-default elementor-section-height-default\" data-id=\"0f854f3\" data-element_type=\"section\">\n\t\t\t\t\t\t<div class=\"elementor-container elementor-column-gap-default\">\n\t\t\t\t\t<div class=\"elementor-column elementor-col-100 elementor-top-column elementor-element elementor-element-a8fd71e\" data-id=\"a8fd71e\" data-element_type=\"column\">\n\t\t\t<div class=\"elementor-widget-wrap elementor-element-populated\">\n\t\t\t\t\t\t\t\t<div class=\"elementor-element elementor-element-39dac09 elementor-widget elementor-widget-image-gallery\" data-id=\"39dac09\" data-element_type=\"widget\" data-widget_type=\"image-gallery.default\">\n\t\t\t\t<div class=\"elementor-widget-container\">\n\t\t\t\t\t<div class=\"elementor-image-gallery\">\n\t\t\t<div id='gallery-1' class='gallery galleryid-3157 gallery-columns-4 gallery-size-thumbnail'><figure class='gallery-item'>\n\t\t\t<div class='gallery-icon landscape'>\n\t\t\t\t<a data-elementor-open-lightbox=\"yes\" data-elementor-lightbox-slideshow=\"39dac09\" data-elementor-lightbox-title=\"_MG_2856\" href='https:\/\/www.musikboutiquehotel.com\/wp-content\/uploads\/2022\/03\/MG_2856.jpg' data-lightbox=\"gal[3157]\"><img loading=\"lazy\" decoding=\"async\" width=\"150\" height=\"150\" src=\"https:\/\/www.musikboutiquehotel.com\/wp-content\/uploads\/2022\/03\/MG_2856-150x150.jpg\" class=\"attachment-thumbnail size-thumbnail\" alt=\"\" srcset=\"https:\/\/www.musikboutiquehotel.com\/wp-content\/uploads\/2022\/03\/MG_2856-150x150.jpg 150w, https:\/\/www.musikboutiquehotel.com\/wp-content\/uploads\/2022\/03\/MG_2856-510x510.jpg 510w, https:\/\/www.musikboutiquehotel.com\/wp-content\/uploads\/2022\/03\/MG_2856-200x200.jpg 200w\" sizes=\"auto, (max-width: 150px) 100vw, 150px\" \/><\/a>\n\t\t\t<\/div><\/figure><figure class='gallery-item'>\n\t\t\t<div class='gallery-icon portrait'>\n\t\t\t\t<a data-elementor-open-lightbox=\"yes\" data-elementor-lightbox-slideshow=\"39dac09\" data-elementor-lightbox-title=\"alquiler-bicis-musik-boutique\" href='https:\/\/www.musikboutiquehotel.com\/wp-content\/uploads\/2021\/10\/MG_2753.jpg' data-lightbox=\"gal[3157]\"><img loading=\"lazy\" decoding=\"async\" width=\"150\" height=\"150\" src=\"https:\/\/www.musikboutiquehotel.com\/wp-content\/uploads\/2021\/10\/MG_2753-150x150.jpg\" class=\"attachment-thumbnail size-thumbnail\" alt=\"\" srcset=\"https:\/\/www.musikboutiquehotel.com\/wp-content\/uploads\/2021\/10\/MG_2753-150x150.jpg 150w, https:\/\/www.musikboutiquehotel.com\/wp-content\/uploads\/2021\/10\/MG_2753-510x510.jpg 510w, https:\/\/www.musikboutiquehotel.com\/wp-content\/uploads\/2021\/10\/MG_2753-200x200.jpg 200w\" sizes=\"auto, (max-width: 150px) 100vw, 150px\" \/><\/a>\n\t\t\t<\/div><\/figure><figure class='gallery-item'>\n\t\t\t<div class='gallery-icon portrait'>\n\t\t\t\t<a data-elementor-open-lightbox=\"yes\" data-elementor-lightbox-slideshow=\"39dac09\" data-elementor-lightbox-title=\"Lobby corner\" href='https:\/\/www.musikboutiquehotel.com\/wp-content\/uploads\/2019\/02\/Lobby-corner.jpg' data-lightbox=\"gal[3157]\"><img loading=\"lazy\" decoding=\"async\" width=\"150\" height=\"150\" src=\"https:\/\/www.musikboutiquehotel.com\/wp-content\/uploads\/2019\/02\/Lobby-corner-150x150.jpg\" class=\"attachment-thumbnail size-thumbnail\" alt=\"\" srcset=\"https:\/\/www.musikboutiquehotel.com\/wp-content\/uploads\/2019\/02\/Lobby-corner-150x150.jpg 150w, https:\/\/www.musikboutiquehotel.com\/wp-content\/uploads\/2019\/02\/Lobby-corner-510x510.jpg 510w, https:\/\/www.musikboutiquehotel.com\/wp-content\/uploads\/2019\/02\/Lobby-corner-200x200.jpg 200w\" sizes=\"auto, (max-width: 150px) 100vw, 150px\" \/><\/a>\n\t\t\t<\/div><\/figure><figure class='gallery-item'>\n\t\t\t<div class='gallery-icon landscape'>\n\t\t\t\t<a data-elementor-open-lightbox=\"yes\" data-elementor-lightbox-slideshow=\"39dac09\" data-elementor-lightbox-title=\"Reception\" href='https:\/\/www.musikboutiquehotel.com\/wp-content\/uploads\/2021\/08\/Reception.jpg' data-lightbox=\"gal[3157]\"><img loading=\"lazy\" decoding=\"async\" width=\"150\" height=\"150\" src=\"https:\/\/www.musikboutiquehotel.com\/wp-content\/uploads\/2021\/08\/Reception-150x150.jpg\" class=\"attachment-thumbnail size-thumbnail\" alt=\"\" srcset=\"https:\/\/www.musikboutiquehotel.com\/wp-content\/uploads\/2021\/08\/Reception-150x150.jpg 150w, https:\/\/www.musikboutiquehotel.com\/wp-content\/uploads\/2021\/08\/Reception-510x510.jpg 510w, https:\/\/www.musikboutiquehotel.com\/wp-content\/uploads\/2021\/08\/Reception-200x200.jpg 200w\" sizes=\"auto, (max-width: 150px) 100vw, 150px\" \/><\/a>\n\t\t\t<\/div><\/figure>\n\t\t<\/div>\n\t\t<\/div>\n\t\t\t\t<\/div>\n\t\t\t\t<\/div>\n\t\t\t\t\t<\/div>\n\t\t<\/div>\n\t\t\t\t\t\t\t<\/div>\n\t\t<\/section>\n\t\t\t\t<section class=\"elementor-section elementor-top-section elementor-element elementor-element-6d79da4 elementor-section-boxed elementor-section-height-default elementor-section-height-default\" data-id=\"6d79da4\" data-element_type=\"section\">\n\t\t\t\t\t\t<div class=\"elementor-container elementor-column-gap-default\">\n\t\t\t\t\t<div class=\"elementor-column elementor-col-100 elementor-top-column elementor-element elementor-element-89ec5ae\" data-id=\"89ec5ae\" data-element_type=\"column\">\n\t\t\t<div class=\"elementor-widget-wrap\">\n\t\t\t\t\t\t\t\t\t<\/div>\n\t\t<\/div>\n\t\t\t\t\t\t\t<\/div>\n\t\t<\/section>\n\t\t\t\t\t\t<\/div>\n\t\t\t\t\t<\/div>\n\t\t","protected":false},"excerpt":{"rendered":"<p>Wir lieben es, uns um jedes Detail zu k\u00fcmmern, um den Aufenthalt unserer G\u00e4ste unvergesslich zu machen. Wenn Sie im Musik Boutique Hotel \u00fcbernachten, k\u00f6nnen Sie daher folgende Dienstleistungen in [&hellip;]<\/p>\n","protected":false},"author":1,"featured_media":0,"parent":0,"menu_order":0,"comment_status":"closed","ping_status":"closed","template":"","meta":{"footnotes":""},"class_list":["post-3157","page","type-page","status-publish","hentry"],"yoast_head":"<!-- This site is optimized with the Yoast SEO plugin v16.5 - https:\/\/yoast.com\/wordpress\/plugins\/seo\/ -->\n<title>Services - musikboutiquehotel.com<\/title>\n<meta name=\"robots\" content=\"index, follow, max-snippet:-1, max-image-preview:large, max-video-preview:-1\" \/>\n<link rel=\"canonical\" href=\"https:\/\/www.musikboutiquehotel.com\/de\/dienstleistungen\/\" \/>\n<meta property=\"og:locale\" content=\"de_DE\" \/>\n<meta property=\"og:type\" content=\"article\" \/>\n<meta property=\"og:title\" content=\"Services - musikboutiquehotel.com\" \/>\n<meta property=\"og:description\" content=\"Wir lieben es, uns um jedes Detail zu k\u00fcmmern, um den Aufenthalt unserer G\u00e4ste unvergesslich zu machen. Wenn Sie im Musik Boutique Hotel \u00fcbernachten, k\u00f6nnen Sie daher folgende Dienstleistungen in [&hellip;]\" \/>\n<meta property=\"og:url\" content=\"https:\/\/www.musikboutiquehotel.com\/de\/dienstleistungen\/\" \/>\n<meta property=\"og:site_name\" content=\"musikboutiquehotel.com\" \/>\n<meta property=\"article:modified_time\" content=\"2026-03-27T10:14:28+00:00\" \/>\n<meta property=\"og:image\" content=\"https:\/\/www.musikboutiquehotel.com\/wp-content\/uploads\/2022\/03\/MG_2856-150x150.jpg\" \/>\n<meta name=\"twitter:card\" content=\"summary_large_image\" \/>\n<meta name=\"twitter:label1\" content=\"Gesch\u00e4tzte Lesezeit\" \/>\n\t<meta name=\"twitter:data1\" content=\"1\u00a0Minute\" \/>\n<script type=\"application\/ld+json\" class=\"yoast-schema-graph\">{\"@context\":\"https:\/\/schema.org\",\"@graph\":[{\"@type\":\"WebSite\",\"@id\":\"https:\/\/www.musikboutiquehotel.com\/de\/#website\",\"url\":\"https:\/\/www.musikboutiquehotel.com\/de\/\",\"name\":\"musikboutiquehotel.com\",\"description\":\"Romantic Hotel in Barcelona\",\"potentialAction\":[{\"@type\":\"SearchAction\",\"target\":\"https:\/\/www.musikboutiquehotel.com\/de\/?s={search_term_string}\",\"query-input\":\"required name=search_term_string\"}],\"inLanguage\":\"de\"},{\"@type\":\"ImageObject\",\"@id\":\"https:\/\/www.musikboutiquehotel.com\/de\/dienstleistungen\/#primaryimage\",\"inLanguage\":\"de\",\"url\":\"https:\/\/www.musikboutiquehotel.com\/wp-content\/uploads\/2022\/03\/MG_2856.jpg\",\"contentUrl\":\"https:\/\/www.musikboutiquehotel.com\/wp-content\/uploads\/2022\/03\/MG_2856.jpg\",\"width\":1000,\"height\":750},{\"@type\":\"WebPage\",\"@id\":\"https:\/\/www.musikboutiquehotel.com\/de\/dienstleistungen\/#webpage\",\"url\":\"https:\/\/www.musikboutiquehotel.com\/de\/dienstleistungen\/\",\"name\":\"Services - musikboutiquehotel.com\",\"isPartOf\":{\"@id\":\"https:\/\/www.musikboutiquehotel.com\/de\/#website\"},\"primaryImageOfPage\":{\"@id\":\"https:\/\/www.musikboutiquehotel.com\/de\/dienstleistungen\/#primaryimage\"},\"datePublished\":\"2024-04-15T14:30:27+00:00\",\"dateModified\":\"2026-03-27T10:14:28+00:00\",\"breadcrumb\":{\"@id\":\"https:\/\/www.musikboutiquehotel.com\/de\/dienstleistungen\/#breadcrumb\"},\"inLanguage\":\"de\",\"potentialAction\":[{\"@type\":\"ReadAction\",\"target\":[\"https:\/\/www.musikboutiquehotel.com\/de\/dienstleistungen\/\"]}]},{\"@type\":\"BreadcrumbList\",\"@id\":\"https:\/\/www.musikboutiquehotel.com\/de\/dienstleistungen\/#breadcrumb\",\"itemListElement\":[{\"@type\":\"ListItem\",\"position\":1,\"name\":\"Home\",\"item\":\"https:\/\/www.musikboutiquehotel.com\/de\/\"},{\"@type\":\"ListItem\",\"position\":2,\"name\":\"Services\"}]}]}<\/script>\n<!-- \/ Yoast SEO plugin. -->","_links":{"self":[{"href":"https:\/\/www.musikboutiquehotel.com\/de\/wp-json\/wp\/v2\/pages\/3157","targetHints":{"allow":["GET"]}}],"collection":[{"href":"https:\/\/www.musikboutiquehotel.com\/de\/wp-json\/wp\/v2\/pages"}],"about":[{"href":"https:\/\/www.musikboutiquehotel.com\/de\/wp-json\/wp\/v2\/types\/page"}],"author":[{"embeddable":true,"href":"https:\/\/www.musikboutiquehotel.com\/de\/wp-json\/wp\/v2\/users\/1"}],"replies":[{"embeddable":true,"href":"https:\/\/www.musikboutiquehotel.com\/de\/wp-json\/wp\/v2\/comments?post=3157"}],"version-history":[{"count":14,"href":"https:\/\/www.musikboutiquehotel.com\/de\/wp-json\/wp\/v2\/pages\/3157\/revisions"}],"predecessor-version":[{"id":4998,"href":"https:\/\/www.musikboutiquehotel.com\/de\/wp-json\/wp\/v2\/pages\/3157\/revisions\/4998"}],"wp:attachment":[{"href":"https:\/\/www.musikboutiquehotel.com\/de\/wp-json\/wp\/v2\/media?parent=3157"}],"curies":[{"name":"wp","href":"https:\/\/api.w.org\/{rel}","templated":true}]}}