{"id":3162,"date":"2024-04-15T16:41:24","date_gmt":"2024-04-15T15:41:24","guid":{"rendered":"https:\/\/www.musikboutiquehotel.com\/?page_id=3162"},"modified":"2024-04-16T12:00:56","modified_gmt":"2024-04-16T11:00:56","slug":"bar","status":"publish","type":"page","link":"https:\/\/www.musikboutiquehotel.com\/de\/dienstleistungen\/bar\/","title":{"rendered":"Bar"},"content":{"rendered":"\t\t<div data-elementor-type=\"wp-page\" data-elementor-id=\"3162\" class=\"elementor elementor-3162\" data-elementor-settings=\"[]\">\n\t\t\t\t\t\t\t<div class=\"elementor-section-wrap\">\n\t\t\t\t\t\t\t<section class=\"elementor-section elementor-top-section elementor-element elementor-element-21cd4e79 elementor-section-boxed elementor-section-height-default elementor-section-height-default\" data-id=\"21cd4e79\" data-element_type=\"section\">\n\t\t\t\t\t\t<div class=\"elementor-container elementor-column-gap-default\">\n\t\t\t\t\t<div class=\"elementor-column elementor-col-100 elementor-top-column elementor-element elementor-element-7db4e35e\" data-id=\"7db4e35e\" data-element_type=\"column\">\n\t\t\t<div class=\"elementor-widget-wrap elementor-element-populated\">\n\t\t\t\t\t\t\t\t<div class=\"elementor-element elementor-element-1d5625a6 elementor-widget elementor-widget-text-editor\" data-id=\"1d5625a6\" data-element_type=\"widget\" data-widget_type=\"text-editor.default\">\n\t\t\t\t<div class=\"elementor-widget-container\">\n\t\t\t\t\t\t\t\t<div class=\"entry-content-intro\">Dank unserer rund um die Uhr ge\u00f6ffneten Bar werden Sie nicht lange durstig sein. Genie\u00dfen Sie einen Nachmittagskaffee oder einen Abendcocktail und entspannen Sie sich nach einem ereignisreichen Tag in der sch\u00f6nen Stadt Barcelona.<\/div><p><img loading=\"lazy\" decoding=\"async\" class=\"alignnone size-full wp-image-127\" src=\"https:\/\/www.cssigniter.net\/preview\/moliere\/files\/2019\/02\/separator-1.png\" alt=\"\" width=\"51\" height=\"5\" \/><\/p><h3>F\u00fcr unvergessliche Momente&#8230;<\/h3><p><img loading=\"lazy\" decoding=\"async\" class=\"alignnone wp-image-533 size-medium\" src=\"https:\/\/musikboutiquehotel.com\/wp-content\/uploads\/2021\/07\/Reception-300x225.jpg\" alt=\"\" width=\"300\" height=\"225\" srcset=\"https:\/\/www.musikboutiquehotel.com\/wp-content\/uploads\/2021\/07\/Reception-300x225.jpg 300w, https:\/\/www.musikboutiquehotel.com\/wp-content\/uploads\/2021\/07\/Reception-1024x768.jpg 1024w, https:\/\/www.musikboutiquehotel.com\/wp-content\/uploads\/2021\/07\/Reception-768x576.jpg 768w, https:\/\/www.musikboutiquehotel.com\/wp-content\/uploads\/2021\/07\/Reception-1536x1152.jpg 1536w, https:\/\/www.musikboutiquehotel.com\/wp-content\/uploads\/2021\/07\/Reception-615x461.jpg 615w, https:\/\/www.musikboutiquehotel.com\/wp-content\/uploads\/2021\/07\/Reception.jpg 1758w\" sizes=\"auto, (max-width: 300px) 100vw, 300px\" \/><\/p><p>Genie\u00dfen Sie einen Drink (oder zwei) an der 24-Stunden-Bar des Musik Boutique Hotels. Ob ein frischer Cocktail oder ein Glas Wein, machen Sie es sich gem\u00fctlich und entspannen Sie auf unseren bequemen Sofas. Diese unvergesslichen Momente mit Ihren Liebsten sind wundersch\u00f6ne Erfahrungen, die Sie aus Barcelona mitnehmen k\u00f6nnen (und unsere Bar ist der perfekte Ort daf\u00fcr).<\/p><p><img loading=\"lazy\" decoding=\"async\" class=\"alignnone size-full wp-image-127\" src=\"https:\/\/www.cssigniter.net\/preview\/moliere\/files\/2019\/02\/separator-1.png\" alt=\"\" width=\"51\" height=\"5\" \/><\/p><h3>Bunte Auswahl an Cocktails<\/h3><p><img loading=\"lazy\" decoding=\"async\" class=\"alignnone wp-image-1598 size-medium\" src=\"https:\/\/musikboutiquehotel.com\/wp-content\/uploads\/2022\/03\/photo-1470337458703-46ad1756a187-300x200.jpg\" alt=\"\" width=\"300\" height=\"200\" srcset=\"https:\/\/www.musikboutiquehotel.com\/wp-content\/uploads\/2022\/03\/photo-1470337458703-46ad1756a187-300x200.jpg 300w, https:\/\/www.musikboutiquehotel.com\/wp-content\/uploads\/2022\/03\/photo-1470337458703-46ad1756a187-768x513.jpg 768w, https:\/\/www.musikboutiquehotel.com\/wp-content\/uploads\/2022\/03\/photo-1470337458703-46ad1756a187-615x411.jpg 615w, https:\/\/www.musikboutiquehotel.com\/wp-content\/uploads\/2022\/03\/photo-1470337458703-46ad1756a187.jpg 1000w\" sizes=\"auto, (max-width: 300px) 100vw, 300px\" \/><\/p><p>Die moderne Bar des Musik Boutique Hotels verw\u00f6hnt Sie mit einer breiten Auswahl an exquisiten Cocktails. Ob Sie Ihren Abend mit einem erfrischenden Aperitif starten und dann in ein nahegelegenes Restaurant weiterziehen oder sich einfach gem\u00fctlich zur\u00fccklehnen und die vielf\u00e4ltige Cocktailauswahl erkunden m\u00f6chten &#8211; bei uns k\u00f6nnen Sie Ihre Zeit in vollen Z\u00fcgen genie\u00dfen.<\/p>\t\t\t\t\t\t<\/div>\n\t\t\t\t<\/div>\n\t\t\t\t\t<\/div>\n\t\t<\/div>\n\t\t\t\t\t\t\t<\/div>\n\t\t<\/section>\n\t\t\t\t\t\t<\/div>\n\t\t\t\t\t<\/div>\n\t\t","protected":false},"excerpt":{"rendered":"<p>Dank unserer rund um die Uhr ge\u00f6ffneten Bar werden Sie nicht lange durstig sein. Genie\u00dfen Sie einen Nachmittagskaffee oder einen Abendcocktail und entspannen Sie sich nach einem ereignisreichen Tag in [&hellip;]<\/p>\n","protected":false},"author":1,"featured_media":0,"parent":3157,"menu_order":0,"comment_status":"closed","ping_status":"closed","template":"","meta":{"footnotes":""},"class_list":["post-3162","page","type-page","status-publish","hentry"],"yoast_head":"<!-- This site is optimized with the Yoast SEO plugin v16.5 - https:\/\/yoast.com\/wordpress\/plugins\/seo\/ -->\n<title>Bar - musikboutiquehotel.com<\/title>\n<meta name=\"robots\" content=\"index, follow, max-snippet:-1, max-image-preview:large, max-video-preview:-1\" \/>\n<link rel=\"canonical\" href=\"https:\/\/www.musikboutiquehotel.com\/de\/dienstleistungen\/bar\/\" \/>\n<meta property=\"og:locale\" content=\"de_DE\" \/>\n<meta property=\"og:type\" content=\"article\" \/>\n<meta property=\"og:title\" content=\"Bar - musikboutiquehotel.com\" \/>\n<meta property=\"og:description\" content=\"Dank unserer rund um die Uhr ge\u00f6ffneten Bar werden Sie nicht lange durstig sein. Genie\u00dfen Sie einen Nachmittagskaffee oder einen Abendcocktail und entspannen Sie sich nach einem ereignisreichen Tag in [&hellip;]\" \/>\n<meta property=\"og:url\" content=\"https:\/\/www.musikboutiquehotel.com\/de\/dienstleistungen\/bar\/\" \/>\n<meta property=\"og:site_name\" content=\"musikboutiquehotel.com\" \/>\n<meta property=\"article:modified_time\" content=\"2024-04-16T11:00:56+00:00\" \/>\n<meta property=\"og:image\" content=\"https:\/\/www.cssigniter.net\/preview\/moliere\/files\/2019\/02\/separator-1.png\" \/>\n<meta name=\"twitter:card\" content=\"summary_large_image\" \/>\n<meta name=\"twitter:label1\" content=\"Gesch\u00e4tzte Lesezeit\" \/>\n\t<meta name=\"twitter:data1\" content=\"1\u00a0Minute\" \/>\n<script type=\"application\/ld+json\" class=\"yoast-schema-graph\">{\"@context\":\"https:\/\/schema.org\",\"@graph\":[{\"@type\":\"WebSite\",\"@id\":\"https:\/\/www.musikboutiquehotel.com\/de\/#website\",\"url\":\"https:\/\/www.musikboutiquehotel.com\/de\/\",\"name\":\"musikboutiquehotel.com\",\"description\":\"Romantic Hotel in Barcelona\",\"potentialAction\":[{\"@type\":\"SearchAction\",\"target\":\"https:\/\/www.musikboutiquehotel.com\/de\/?s={search_term_string}\",\"query-input\":\"required name=search_term_string\"}],\"inLanguage\":\"de\"},{\"@type\":\"ImageObject\",\"@id\":\"https:\/\/www.musikboutiquehotel.com\/de\/dienstleistungen\/bar\/#primaryimage\",\"inLanguage\":\"de\",\"url\":\"https:\/\/www.cssigniter.net\/preview\/moliere\/files\/2019\/02\/separator-1.png\",\"contentUrl\":\"https:\/\/www.cssigniter.net\/preview\/moliere\/files\/2019\/02\/separator-1.png\"},{\"@type\":\"WebPage\",\"@id\":\"https:\/\/www.musikboutiquehotel.com\/de\/dienstleistungen\/bar\/#webpage\",\"url\":\"https:\/\/www.musikboutiquehotel.com\/de\/dienstleistungen\/bar\/\",\"name\":\"Bar - musikboutiquehotel.com\",\"isPartOf\":{\"@id\":\"https:\/\/www.musikboutiquehotel.com\/de\/#website\"},\"primaryImageOfPage\":{\"@id\":\"https:\/\/www.musikboutiquehotel.com\/de\/dienstleistungen\/bar\/#primaryimage\"},\"datePublished\":\"2024-04-15T15:41:24+00:00\",\"dateModified\":\"2024-04-16T11:00:56+00:00\",\"breadcrumb\":{\"@id\":\"https:\/\/www.musikboutiquehotel.com\/de\/dienstleistungen\/bar\/#breadcrumb\"},\"inLanguage\":\"de\",\"potentialAction\":[{\"@type\":\"ReadAction\",\"target\":[\"https:\/\/www.musikboutiquehotel.com\/de\/dienstleistungen\/bar\/\"]}]},{\"@type\":\"BreadcrumbList\",\"@id\":\"https:\/\/www.musikboutiquehotel.com\/de\/dienstleistungen\/bar\/#breadcrumb\",\"itemListElement\":[{\"@type\":\"ListItem\",\"position\":1,\"name\":\"Home\",\"item\":\"https:\/\/www.musikboutiquehotel.com\/de\/\"},{\"@type\":\"ListItem\",\"position\":2,\"name\":\"Services\",\"item\":\"https:\/\/www.musikboutiquehotel.com\/de\/servicios\/\"},{\"@type\":\"ListItem\",\"position\":3,\"name\":\"Bar\"}]}]}<\/script>\n<!-- \/ Yoast SEO plugin. -->","_links":{"self":[{"href":"https:\/\/www.musikboutiquehotel.com\/de\/wp-json\/wp\/v2\/pages\/3162","targetHints":{"allow":["GET"]}}],"collection":[{"href":"https:\/\/www.musikboutiquehotel.com\/de\/wp-json\/wp\/v2\/pages"}],"about":[{"href":"https:\/\/www.musikboutiquehotel.com\/de\/wp-json\/wp\/v2\/types\/page"}],"author":[{"embeddable":true,"href":"https:\/\/www.musikboutiquehotel.com\/de\/wp-json\/wp\/v2\/users\/1"}],"replies":[{"embeddable":true,"href":"https:\/\/www.musikboutiquehotel.com\/de\/wp-json\/wp\/v2\/comments?post=3162"}],"version-history":[{"count":7,"href":"https:\/\/www.musikboutiquehotel.com\/de\/wp-json\/wp\/v2\/pages\/3162\/revisions"}],"predecessor-version":[{"id":3246,"href":"https:\/\/www.musikboutiquehotel.com\/de\/wp-json\/wp\/v2\/pages\/3162\/revisions\/3246"}],"up":[{"embeddable":true,"href":"https:\/\/www.musikboutiquehotel.com\/de\/wp-json\/wp\/v2\/pages\/3157"}],"wp:attachment":[{"href":"https:\/\/www.musikboutiquehotel.com\/de\/wp-json\/wp\/v2\/media?parent=3162"}],"curies":[{"name":"wp","href":"https:\/\/api.w.org\/{rel}","templated":true}]}}