{"id":3171,"date":"2024-04-16T08:36:07","date_gmt":"2024-04-16T07:36:07","guid":{"rendered":"https:\/\/www.musikboutiquehotel.com\/?page_id=3171"},"modified":"2024-04-16T12:03:20","modified_gmt":"2024-04-16T11:03:20","slug":"fruehstueck","status":"publish","type":"page","link":"https:\/\/www.musikboutiquehotel.com\/de\/dienstleistungen\/fruehstueck\/","title":{"rendered":"Fr\u00fchst\u00fcck"},"content":{"rendered":"\t\t<div data-elementor-type=\"wp-page\" data-elementor-id=\"3171\" class=\"elementor elementor-3171\" data-elementor-settings=\"[]\">\n\t\t\t\t\t\t\t<div class=\"elementor-section-wrap\">\n\t\t\t\t\t\t\t<section class=\"elementor-section elementor-top-section elementor-element elementor-element-1e3d2092 elementor-section-boxed elementor-section-height-default elementor-section-height-default\" data-id=\"1e3d2092\" data-element_type=\"section\">\n\t\t\t\t\t\t<div class=\"elementor-container elementor-column-gap-default\">\n\t\t\t\t\t<div class=\"elementor-column elementor-col-100 elementor-top-column elementor-element elementor-element-24bd3043\" data-id=\"24bd3043\" data-element_type=\"column\">\n\t\t\t<div class=\"elementor-widget-wrap elementor-element-populated\">\n\t\t\t\t\t\t\t\t<div class=\"elementor-element elementor-element-9b2eb3b elementor-widget elementor-widget-text-editor\" data-id=\"9b2eb3b\" data-element_type=\"widget\" data-widget_type=\"text-editor.default\">\n\t\t\t\t<div class=\"elementor-widget-container\">\n\t\t\t\t\t\t\t\t<div class=\"entry-content-intro\">Im Musik Boutique Hotel erwartet Sie jeden Morgen ein k\u00f6stliches Fr\u00fchst\u00fccksbuffet, das keine W\u00fcnsche offen l\u00e4sst. Wir wissen, dass ein guter Start in den Tag die Basis f\u00fcr ein gelungenes Abenteuer in Barcelona bildet. Deshalb bieten wir eine Vielzahl gesunder Optionen, damit Sie die Stadt gest\u00e4rkt und voller Energie erkunden k\u00f6nnen.<\/div><p><img loading=\"lazy\" decoding=\"async\" class=\"alignnone size-full wp-image-127\" src=\"https:\/\/www.cssigniter.net\/preview\/moliere\/files\/2019\/02\/separator-1.png\" alt=\"\" width=\"51\" height=\"5\" \/><\/p><h3>Reichhaltige Auswahl f\u00fcr jeden Geschmack<\/h3><p><img loading=\"lazy\" decoding=\"async\" class=\"alignnone wp-image-1608 size-medium\" src=\"https:\/\/musikboutiquehotel.com\/wp-content\/uploads\/2022\/03\/MG_2856-300x225.jpg\" alt=\"\" width=\"300\" height=\"225\" srcset=\"https:\/\/www.musikboutiquehotel.com\/wp-content\/uploads\/2022\/03\/MG_2856-300x225.jpg 300w, https:\/\/www.musikboutiquehotel.com\/wp-content\/uploads\/2022\/03\/MG_2856-768x576.jpg 768w, https:\/\/www.musikboutiquehotel.com\/wp-content\/uploads\/2022\/03\/MG_2856-615x461.jpg 615w, https:\/\/www.musikboutiquehotel.com\/wp-content\/uploads\/2022\/03\/MG_2856.jpg 1000w\" sizes=\"auto, (max-width: 300px) 100vw, 300px\" \/><\/p><p>Unser Fr\u00fchst\u00fcck bietet verschiedene, leckere Speisen, sodass f\u00fcr jeden Geschmack etwas dabei ist. Egal, ob Sie Obst, frisch gebackene Br\u00f6tchen mit Butter und Marmelade oder knusprigen Speck bevorzugen &#8211; bei uns finden Sie sicherlich das Passende, um Ihren Morgen perfekt zu beginnen. Dar\u00fcber hinaus bieten wir glutenfreie und vegetarische Optionen an, um sicherzustellen, dass sich alle unsere G\u00e4ste wohlf\u00fchlen. Mit diesem abwechslungsreichen Fr\u00fchst\u00fccksangebot werden Sie sich wie zu Hause zu f\u00fchlen und den Tag voller Energie beginnen.<\/p><p><img loading=\"lazy\" decoding=\"async\" class=\"alignnone size-full wp-image-127\" src=\"https:\/\/www.cssigniter.net\/preview\/moliere\/files\/2019\/02\/separator-1.png\" alt=\"\" width=\"51\" height=\"5\" \/><\/p><h3>Perfekt f\u00fcr Fr\u00fchaufsteher und Langschl\u00e4fer<\/h3><p><img loading=\"lazy\" decoding=\"async\" class=\"alignnone wp-image-1610 size-medium\" src=\"https:\/\/musikboutiquehotel.com\/wp-content\/uploads\/2022\/03\/Zumo-de-naranja-Greg-Rosenke-Unsplash-300x200.png\" alt=\"\" width=\"300\" height=\"200\" srcset=\"https:\/\/www.musikboutiquehotel.com\/wp-content\/uploads\/2022\/03\/Zumo-de-naranja-Greg-Rosenke-Unsplash-300x200.png 300w, https:\/\/www.musikboutiquehotel.com\/wp-content\/uploads\/2022\/03\/Zumo-de-naranja-Greg-Rosenke-Unsplash-768x511.png 768w, https:\/\/www.musikboutiquehotel.com\/wp-content\/uploads\/2022\/03\/Zumo-de-naranja-Greg-Rosenke-Unsplash-615x409.png 615w, https:\/\/www.musikboutiquehotel.com\/wp-content\/uploads\/2022\/03\/Zumo-de-naranja-Greg-Rosenke-Unsplash.png 834w\" sizes=\"auto, (max-width: 300px) 100vw, 300px\" \/><\/p><p>Egal, ob Sie fr\u00fch aus den Federn h\u00fcpfen oder lieber langsam in den Tag starten &#8211; unser Fr\u00fchst\u00fcck steht Ihnen den ganzen Morgen zur Verf\u00fcgung. Beginnen Sie den Tag mit einer Auswahl an warmen und kalten Speisen, frisch gepressten S\u00e4ften, Tee und Kaffee. Egal, ob Sie Fr\u00fchaufsteher oder Langschl\u00e4fer sind &#8211; bei uns ist jeder willkommen. Genie\u00dfen Sie ein reichhaltiges Fr\u00fchst\u00fcck und starten Sie gest\u00e4rkt in einen Tag voller Entdeckungstouren und Sightseeing in Barcelona.<\/p><p><img loading=\"lazy\" decoding=\"async\" class=\"alignnone wp-image-642 size-medium\" src=\"https:\/\/musikboutiquehotel.com\/wp-content\/uploads\/2021\/08\/Lobby-library-300x225.jpg\" alt=\"\" width=\"300\" height=\"225\" srcset=\"https:\/\/www.musikboutiquehotel.com\/wp-content\/uploads\/2021\/08\/Lobby-library-300x225.jpg 300w, https:\/\/www.musikboutiquehotel.com\/wp-content\/uploads\/2021\/08\/Lobby-library-1024x768.jpg 1024w, https:\/\/www.musikboutiquehotel.com\/wp-content\/uploads\/2021\/08\/Lobby-library-768x576.jpg 768w, https:\/\/www.musikboutiquehotel.com\/wp-content\/uploads\/2021\/08\/Lobby-library-1536x1152.jpg 1536w, https:\/\/www.musikboutiquehotel.com\/wp-content\/uploads\/2021\/08\/Lobby-library-615x461.jpg 615w, https:\/\/www.musikboutiquehotel.com\/wp-content\/uploads\/2021\/08\/Lobby-library.jpg 1932w\" sizes=\"auto, (max-width: 300px) 100vw, 300px\" \/><\/p>\t\t\t\t\t\t<\/div>\n\t\t\t\t<\/div>\n\t\t\t\t\t<\/div>\n\t\t<\/div>\n\t\t\t\t\t\t\t<\/div>\n\t\t<\/section>\n\t\t\t\t\t\t<\/div>\n\t\t\t\t\t<\/div>\n\t\t","protected":false},"excerpt":{"rendered":"<p>Im Musik Boutique Hotel erwartet Sie jeden Morgen ein k\u00f6stliches Fr\u00fchst\u00fccksbuffet, das keine W\u00fcnsche offen l\u00e4sst. Wir wissen, dass ein guter Start in den Tag die Basis f\u00fcr ein gelungenes [&hellip;]<\/p>\n","protected":false},"author":1,"featured_media":0,"parent":3157,"menu_order":0,"comment_status":"closed","ping_status":"closed","template":"","meta":{"footnotes":""},"class_list":["post-3171","page","type-page","status-publish","hentry"],"yoast_head":"<!-- This site is optimized with the Yoast SEO plugin v16.5 - https:\/\/yoast.com\/wordpress\/plugins\/seo\/ -->\n<title>Fr\u00fchst\u00fcck - musikboutiquehotel.com<\/title>\n<meta name=\"robots\" content=\"index, follow, max-snippet:-1, max-image-preview:large, max-video-preview:-1\" \/>\n<link rel=\"canonical\" href=\"https:\/\/www.musikboutiquehotel.com\/de\/dienstleistungen\/fruehstueck\/\" \/>\n<meta property=\"og:locale\" content=\"de_DE\" \/>\n<meta property=\"og:type\" content=\"article\" \/>\n<meta property=\"og:title\" content=\"Fr\u00fchst\u00fcck - musikboutiquehotel.com\" \/>\n<meta property=\"og:description\" content=\"Im Musik Boutique Hotel erwartet Sie jeden Morgen ein k\u00f6stliches Fr\u00fchst\u00fccksbuffet, das keine W\u00fcnsche offen l\u00e4sst. Wir wissen, dass ein guter Start in den Tag die Basis f\u00fcr ein gelungenes [&hellip;]\" \/>\n<meta property=\"og:url\" content=\"https:\/\/www.musikboutiquehotel.com\/de\/dienstleistungen\/fruehstueck\/\" \/>\n<meta property=\"og:site_name\" content=\"musikboutiquehotel.com\" \/>\n<meta property=\"article:modified_time\" content=\"2024-04-16T11:03:20+00:00\" \/>\n<meta property=\"og:image\" content=\"https:\/\/www.cssigniter.net\/preview\/moliere\/files\/2019\/02\/separator-1.png\" \/>\n<meta name=\"twitter:card\" content=\"summary_large_image\" \/>\n<meta name=\"twitter:label1\" content=\"Gesch\u00e4tzte Lesezeit\" \/>\n\t<meta name=\"twitter:data1\" content=\"1\u00a0Minute\" \/>\n<script type=\"application\/ld+json\" class=\"yoast-schema-graph\">{\"@context\":\"https:\/\/schema.org\",\"@graph\":[{\"@type\":\"WebSite\",\"@id\":\"https:\/\/www.musikboutiquehotel.com\/de\/#website\",\"url\":\"https:\/\/www.musikboutiquehotel.com\/de\/\",\"name\":\"musikboutiquehotel.com\",\"description\":\"Romantic Hotel in Barcelona\",\"potentialAction\":[{\"@type\":\"SearchAction\",\"target\":\"https:\/\/www.musikboutiquehotel.com\/de\/?s={search_term_string}\",\"query-input\":\"required name=search_term_string\"}],\"inLanguage\":\"de\"},{\"@type\":\"ImageObject\",\"@id\":\"https:\/\/www.musikboutiquehotel.com\/de\/dienstleistungen\/fruehstueck\/#primaryimage\",\"inLanguage\":\"de\",\"url\":\"https:\/\/www.cssigniter.net\/preview\/moliere\/files\/2019\/02\/separator-1.png\",\"contentUrl\":\"https:\/\/www.cssigniter.net\/preview\/moliere\/files\/2019\/02\/separator-1.png\"},{\"@type\":\"WebPage\",\"@id\":\"https:\/\/www.musikboutiquehotel.com\/de\/dienstleistungen\/fruehstueck\/#webpage\",\"url\":\"https:\/\/www.musikboutiquehotel.com\/de\/dienstleistungen\/fruehstueck\/\",\"name\":\"Fr\\u00fchst\\u00fcck - musikboutiquehotel.com\",\"isPartOf\":{\"@id\":\"https:\/\/www.musikboutiquehotel.com\/de\/#website\"},\"primaryImageOfPage\":{\"@id\":\"https:\/\/www.musikboutiquehotel.com\/de\/dienstleistungen\/fruehstueck\/#primaryimage\"},\"datePublished\":\"2024-04-16T07:36:07+00:00\",\"dateModified\":\"2024-04-16T11:03:20+00:00\",\"breadcrumb\":{\"@id\":\"https:\/\/www.musikboutiquehotel.com\/de\/dienstleistungen\/fruehstueck\/#breadcrumb\"},\"inLanguage\":\"de\",\"potentialAction\":[{\"@type\":\"ReadAction\",\"target\":[\"https:\/\/www.musikboutiquehotel.com\/de\/dienstleistungen\/fruehstueck\/\"]}]},{\"@type\":\"BreadcrumbList\",\"@id\":\"https:\/\/www.musikboutiquehotel.com\/de\/dienstleistungen\/fruehstueck\/#breadcrumb\",\"itemListElement\":[{\"@type\":\"ListItem\",\"position\":1,\"name\":\"Home\",\"item\":\"https:\/\/www.musikboutiquehotel.com\/de\/\"},{\"@type\":\"ListItem\",\"position\":2,\"name\":\"Services\",\"item\":\"https:\/\/www.musikboutiquehotel.com\/de\/servicios\/\"},{\"@type\":\"ListItem\",\"position\":3,\"name\":\"Fr\\u00fchst\\u00fcck\"}]}]}<\/script>\n<!-- \/ Yoast SEO plugin. -->","_links":{"self":[{"href":"https:\/\/www.musikboutiquehotel.com\/de\/wp-json\/wp\/v2\/pages\/3171","targetHints":{"allow":["GET"]}}],"collection":[{"href":"https:\/\/www.musikboutiquehotel.com\/de\/wp-json\/wp\/v2\/pages"}],"about":[{"href":"https:\/\/www.musikboutiquehotel.com\/de\/wp-json\/wp\/v2\/types\/page"}],"author":[{"embeddable":true,"href":"https:\/\/www.musikboutiquehotel.com\/de\/wp-json\/wp\/v2\/users\/1"}],"replies":[{"embeddable":true,"href":"https:\/\/www.musikboutiquehotel.com\/de\/wp-json\/wp\/v2\/comments?post=3171"}],"version-history":[{"count":7,"href":"https:\/\/www.musikboutiquehotel.com\/de\/wp-json\/wp\/v2\/pages\/3171\/revisions"}],"predecessor-version":[{"id":3249,"href":"https:\/\/www.musikboutiquehotel.com\/de\/wp-json\/wp\/v2\/pages\/3171\/revisions\/3249"}],"up":[{"embeddable":true,"href":"https:\/\/www.musikboutiquehotel.com\/de\/wp-json\/wp\/v2\/pages\/3157"}],"wp:attachment":[{"href":"https:\/\/www.musikboutiquehotel.com\/de\/wp-json\/wp\/v2\/media?parent=3171"}],"curies":[{"name":"wp","href":"https:\/\/api.w.org\/{rel}","templated":true}]}}