{"id":3176,"date":"2024-04-16T09:01:07","date_gmt":"2024-04-16T08:01:07","guid":{"rendered":"https:\/\/www.musikboutiquehotel.com\/?page_id=3176"},"modified":"2024-04-16T12:08:05","modified_gmt":"2024-04-16T11:08:05","slug":"lounge","status":"publish","type":"page","link":"https:\/\/www.musikboutiquehotel.com\/de\/dienstleistungen\/lounge\/","title":{"rendered":"Lounge"},"content":{"rendered":"\t\t<div data-elementor-type=\"wp-page\" data-elementor-id=\"3176\" class=\"elementor elementor-3176\" data-elementor-settings=\"[]\">\n\t\t\t\t\t\t\t<div class=\"elementor-section-wrap\">\n\t\t\t\t\t\t\t<section class=\"elementor-section elementor-top-section elementor-element elementor-element-624cdea9 elementor-section-boxed elementor-section-height-default elementor-section-height-default\" data-id=\"624cdea9\" data-element_type=\"section\">\n\t\t\t\t\t\t<div class=\"elementor-container elementor-column-gap-default\">\n\t\t\t\t\t<div class=\"elementor-column elementor-col-100 elementor-top-column elementor-element elementor-element-2d456d36\" data-id=\"2d456d36\" data-element_type=\"column\">\n\t\t\t<div class=\"elementor-widget-wrap elementor-element-populated\">\n\t\t\t\t\t\t\t\t<div class=\"elementor-element elementor-element-4f5084f5 elementor-widget elementor-widget-text-editor\" data-id=\"4f5084f5\" data-element_type=\"widget\" data-widget_type=\"text-editor.default\">\n\t\t\t\t<div class=\"elementor-widget-container\">\n\t\t\t\t\t\t\t\t<div class=\"entry-content-intro\">Dieses zauberhafte Hotel im Herzen des Gotischen Viertels verk\u00f6rpert den Stil Barcelonas auf eine wunderbare Weise: Die modernen Innenr\u00e4ume bieten Komfort gepaart mit minimalistischer Eleganz. Hier erwartet Sie eine entspannende und gem\u00fctliche Atmosph\u00e4re, damit Sie nach einem Tag voller Stadterkundungen Ihre wohlverdiente Privatsph\u00e4re und Ruhe genie\u00dfen k\u00f6nnen.<\/div><p><img loading=\"lazy\" decoding=\"async\" class=\"alignnone size-full wp-image-127\" src=\"https:\/\/www.cssigniter.net\/preview\/moliere\/files\/2019\/02\/separator-1.png\" alt=\"\" width=\"51\" height=\"5\" \/><\/p><h3>Lounge-Bereich<\/h3><p><img loading=\"lazy\" decoding=\"async\" class=\"alignnone wp-image-692 size-medium\" src=\"https:\/\/musikboutiquehotel.com\/wp-content\/uploads\/2019\/02\/Lobby-corner-225x300.jpg\" alt=\"\" width=\"225\" height=\"300\" srcset=\"https:\/\/www.musikboutiquehotel.com\/wp-content\/uploads\/2019\/02\/Lobby-corner-225x300.jpg 225w, https:\/\/www.musikboutiquehotel.com\/wp-content\/uploads\/2019\/02\/Lobby-corner-768x1024.jpg 768w, https:\/\/www.musikboutiquehotel.com\/wp-content\/uploads\/2019\/02\/Lobby-corner-1152x1536.jpg 1152w, https:\/\/www.musikboutiquehotel.com\/wp-content\/uploads\/2019\/02\/Lobby-corner-615x820.jpg 615w, https:\/\/www.musikboutiquehotel.com\/wp-content\/uploads\/2019\/02\/Lobby-corner.jpg 1449w\" sizes=\"auto, (max-width: 225px) 100vw, 225px\" \/><\/p><p>Schick, elegant und innovativ: Das Design des Musik Boutique Hotels spiegelt den einzigartigen Charakter und Charme Barcelonas authentisch wider! G\u00f6nnen Sie Ihren F\u00fc\u00dfen nach einem ereignisreichen Tag in der Stadt die n\u00f6tige Erholung und entspannen Sie sich in unserem exklusiven Lounge-Bereich.<\/p><p><img loading=\"lazy\" decoding=\"async\" class=\"alignnone size-full wp-image-127\" src=\"https:\/\/www.cssigniter.net\/preview\/moliere\/files\/2019\/02\/separator-1.png\" alt=\"\" width=\"51\" height=\"5\" \/><\/p><h3>Rezeption<\/h3><p><img loading=\"lazy\" decoding=\"async\" class=\"alignnone wp-image-645 size-medium\" src=\"https:\/\/musikboutiquehotel.com\/wp-content\/uploads\/2021\/08\/Reception-300x225.jpg\" alt=\"\" width=\"300\" height=\"225\" srcset=\"https:\/\/www.musikboutiquehotel.com\/wp-content\/uploads\/2021\/08\/Reception-300x225.jpg 300w, https:\/\/www.musikboutiquehotel.com\/wp-content\/uploads\/2021\/08\/Reception-1024x768.jpg 1024w, https:\/\/www.musikboutiquehotel.com\/wp-content\/uploads\/2021\/08\/Reception-768x576.jpg 768w, https:\/\/www.musikboutiquehotel.com\/wp-content\/uploads\/2021\/08\/Reception-1536x1152.jpg 1536w, https:\/\/www.musikboutiquehotel.com\/wp-content\/uploads\/2021\/08\/Reception-615x461.jpg 615w, https:\/\/www.musikboutiquehotel.com\/wp-content\/uploads\/2021\/08\/Reception.jpg 1758w\" sizes=\"auto, (max-width: 300px) 100vw, 300px\" \/><\/p><p>An der Rezeption erwartet Sie unser freundliches Team, das Ihnen gerne bei Fragen behilflich ist und Sie bei der Planung Ihrer Aktivit\u00e4ten unterst\u00fctzt. Unser Ziel ist es, dass sich jeder Gast wie zu Hause f\u00fchlt, daher bieten wir den bestm\u00f6glichen Service und k\u00fcmmern uns um jedes Detail. Wir freuen uns darauf, Sie kennenzulernen!<\/p>\t\t\t\t\t\t<\/div>\n\t\t\t\t<\/div>\n\t\t\t\t\t<\/div>\n\t\t<\/div>\n\t\t\t\t\t\t\t<\/div>\n\t\t<\/section>\n\t\t\t\t\t\t<\/div>\n\t\t\t\t\t<\/div>\n\t\t","protected":false},"excerpt":{"rendered":"<p>Dieses zauberhafte Hotel im Herzen des Gotischen Viertels verk\u00f6rpert den Stil Barcelonas auf eine wunderbare Weise: Die modernen Innenr\u00e4ume bieten Komfort gepaart mit minimalistischer Eleganz. Hier erwartet Sie eine entspannende [&hellip;]<\/p>\n","protected":false},"author":1,"featured_media":0,"parent":3157,"menu_order":0,"comment_status":"closed","ping_status":"closed","template":"","meta":{"footnotes":""},"class_list":["post-3176","page","type-page","status-publish","hentry"],"yoast_head":"<!-- This site is optimized with the Yoast SEO plugin v16.5 - https:\/\/yoast.com\/wordpress\/plugins\/seo\/ -->\n<title>Lounge - musikboutiquehotel.com<\/title>\n<meta name=\"robots\" content=\"index, follow, max-snippet:-1, max-image-preview:large, max-video-preview:-1\" \/>\n<link rel=\"canonical\" href=\"https:\/\/www.musikboutiquehotel.com\/de\/dienstleistungen\/lounge\/\" \/>\n<meta property=\"og:locale\" content=\"de_DE\" \/>\n<meta property=\"og:type\" content=\"article\" \/>\n<meta property=\"og:title\" content=\"Lounge - musikboutiquehotel.com\" \/>\n<meta property=\"og:description\" content=\"Dieses zauberhafte Hotel im Herzen des Gotischen Viertels verk\u00f6rpert den Stil Barcelonas auf eine wunderbare Weise: Die modernen Innenr\u00e4ume bieten Komfort gepaart mit minimalistischer Eleganz. Hier erwartet Sie eine entspannende [&hellip;]\" \/>\n<meta property=\"og:url\" content=\"https:\/\/www.musikboutiquehotel.com\/de\/dienstleistungen\/lounge\/\" \/>\n<meta property=\"og:site_name\" content=\"musikboutiquehotel.com\" \/>\n<meta property=\"article:modified_time\" content=\"2024-04-16T11:08:05+00:00\" \/>\n<meta property=\"og:image\" content=\"https:\/\/www.cssigniter.net\/preview\/moliere\/files\/2019\/02\/separator-1.png\" \/>\n<meta name=\"twitter:card\" content=\"summary_large_image\" \/>\n<meta name=\"twitter:label1\" content=\"Gesch\u00e4tzte Lesezeit\" \/>\n\t<meta name=\"twitter:data1\" content=\"1\u00a0Minute\" \/>\n<script type=\"application\/ld+json\" class=\"yoast-schema-graph\">{\"@context\":\"https:\/\/schema.org\",\"@graph\":[{\"@type\":\"WebSite\",\"@id\":\"https:\/\/www.musikboutiquehotel.com\/de\/#website\",\"url\":\"https:\/\/www.musikboutiquehotel.com\/de\/\",\"name\":\"musikboutiquehotel.com\",\"description\":\"Romantic Hotel in Barcelona\",\"potentialAction\":[{\"@type\":\"SearchAction\",\"target\":\"https:\/\/www.musikboutiquehotel.com\/de\/?s={search_term_string}\",\"query-input\":\"required name=search_term_string\"}],\"inLanguage\":\"de\"},{\"@type\":\"ImageObject\",\"@id\":\"https:\/\/www.musikboutiquehotel.com\/de\/dienstleistungen\/lounge\/#primaryimage\",\"inLanguage\":\"de\",\"url\":\"https:\/\/www.cssigniter.net\/preview\/moliere\/files\/2019\/02\/separator-1.png\",\"contentUrl\":\"https:\/\/www.cssigniter.net\/preview\/moliere\/files\/2019\/02\/separator-1.png\"},{\"@type\":\"WebPage\",\"@id\":\"https:\/\/www.musikboutiquehotel.com\/de\/dienstleistungen\/lounge\/#webpage\",\"url\":\"https:\/\/www.musikboutiquehotel.com\/de\/dienstleistungen\/lounge\/\",\"name\":\"Lounge - musikboutiquehotel.com\",\"isPartOf\":{\"@id\":\"https:\/\/www.musikboutiquehotel.com\/de\/#website\"},\"primaryImageOfPage\":{\"@id\":\"https:\/\/www.musikboutiquehotel.com\/de\/dienstleistungen\/lounge\/#primaryimage\"},\"datePublished\":\"2024-04-16T08:01:07+00:00\",\"dateModified\":\"2024-04-16T11:08:05+00:00\",\"breadcrumb\":{\"@id\":\"https:\/\/www.musikboutiquehotel.com\/de\/dienstleistungen\/lounge\/#breadcrumb\"},\"inLanguage\":\"de\",\"potentialAction\":[{\"@type\":\"ReadAction\",\"target\":[\"https:\/\/www.musikboutiquehotel.com\/de\/dienstleistungen\/lounge\/\"]}]},{\"@type\":\"BreadcrumbList\",\"@id\":\"https:\/\/www.musikboutiquehotel.com\/de\/dienstleistungen\/lounge\/#breadcrumb\",\"itemListElement\":[{\"@type\":\"ListItem\",\"position\":1,\"name\":\"Home\",\"item\":\"https:\/\/www.musikboutiquehotel.com\/de\/\"},{\"@type\":\"ListItem\",\"position\":2,\"name\":\"Services\",\"item\":\"https:\/\/www.musikboutiquehotel.com\/de\/servicios\/\"},{\"@type\":\"ListItem\",\"position\":3,\"name\":\"Lounge\"}]}]}<\/script>\n<!-- \/ Yoast SEO plugin. -->","_links":{"self":[{"href":"https:\/\/www.musikboutiquehotel.com\/de\/wp-json\/wp\/v2\/pages\/3176","targetHints":{"allow":["GET"]}}],"collection":[{"href":"https:\/\/www.musikboutiquehotel.com\/de\/wp-json\/wp\/v2\/pages"}],"about":[{"href":"https:\/\/www.musikboutiquehotel.com\/de\/wp-json\/wp\/v2\/types\/page"}],"author":[{"embeddable":true,"href":"https:\/\/www.musikboutiquehotel.com\/de\/wp-json\/wp\/v2\/users\/1"}],"replies":[{"embeddable":true,"href":"https:\/\/www.musikboutiquehotel.com\/de\/wp-json\/wp\/v2\/comments?post=3176"}],"version-history":[{"count":7,"href":"https:\/\/www.musikboutiquehotel.com\/de\/wp-json\/wp\/v2\/pages\/3176\/revisions"}],"predecessor-version":[{"id":3256,"href":"https:\/\/www.musikboutiquehotel.com\/de\/wp-json\/wp\/v2\/pages\/3176\/revisions\/3256"}],"up":[{"embeddable":true,"href":"https:\/\/www.musikboutiquehotel.com\/de\/wp-json\/wp\/v2\/pages\/3157"}],"wp:attachment":[{"href":"https:\/\/www.musikboutiquehotel.com\/de\/wp-json\/wp\/v2\/media?parent=3176"}],"curies":[{"name":"wp","href":"https:\/\/api.w.org\/{rel}","templated":true}]}}