{"id":3181,"date":"2024-04-16T09:11:32","date_gmt":"2024-04-16T08:11:32","guid":{"rendered":"https:\/\/www.musikboutiquehotel.com\/?page_id=3181"},"modified":"2024-04-16T09:13:02","modified_gmt":"2024-04-16T08:13:02","slug":"allgemeine-geschaeftsbedingungen","status":"publish","type":"page","link":"https:\/\/www.musikboutiquehotel.com\/de\/allgemeine-geschaeftsbedingungen\/","title":{"rendered":"Allgemeine Gesch\u00e4ftsbedingungen"},"content":{"rendered":"\t\t<div data-elementor-type=\"wp-page\" data-elementor-id=\"3181\" class=\"elementor elementor-3181 elementor-1671\" data-elementor-settings=\"[]\">\n\t\t\t\t\t\t\t<div class=\"elementor-section-wrap\">\n\t\t\t\t\t\t\t<section class=\"elementor-section elementor-top-section elementor-element elementor-element-2e6524a elementor-section-boxed elementor-section-height-default elementor-section-height-default\" data-id=\"2e6524a\" data-element_type=\"section\">\n\t\t\t\t\t\t<div class=\"elementor-container elementor-column-gap-default\">\n\t\t\t\t\t<div class=\"elementor-column elementor-col-100 elementor-top-column elementor-element elementor-element-436373e\" data-id=\"436373e\" data-element_type=\"column\">\n\t\t\t<div class=\"elementor-widget-wrap elementor-element-populated\">\n\t\t\t\t\t\t\t\t<div class=\"elementor-element elementor-element-8323cca elementor-widget elementor-widget-text-editor\" data-id=\"8323cca\" data-element_type=\"widget\" data-widget_type=\"text-editor.default\">\n\t\t\t\t<div class=\"elementor-widget-container\">\n\t\t\t\t\t\t\t\t<h2><strong>Einf\u00fchrung<\/strong><\/h2><p>Dieses Dokument und die darin genannten legen die Bedingungen f\u00fcr die Nutzung der folgenden Website und Ihr Abonnement sowie den Kauf von Produkten von dieser Website (die &#8222;Bedingungen&#8220;) fest: <a href=\"http:\/\/www.musikboutiquehotel.com\/\" target=\"_new\">http:\/\/www.musikboutiquehotel.com\/<\/a>.<\/p><p>Bitte lesen Sie diese Allgemeinen Gesch\u00e4ftsbedingungen, das Impressum, unsere Cookie-Richtlinie und unsere Datenschutzerkl\u00e4rung (zusammen die &#8222;Datenschutzrichtlinie&#8220;) sorgf\u00e4ltig durch, bevor Sie diese Website nutzen. Durch die Nutzung dieser Website oder das Aufgeben einer Bestellung \u00fcber diese Website erkl\u00e4ren Sie sich ausdr\u00fccklich damit einverstanden, an diese Bedingungen und unsere Datenschutzrichtlinie gebunden zu sein. Wenn Sie mit allen Bedingungen und der Datenschutzrichtlinie nicht einverstanden sind, sollten Sie diese Website nicht nutzen. Wenn Sie Fragen zu den Allgemeinen Gesch\u00e4ftsbedingungen oder der Datenschutzrichtlinie haben, k\u00f6nnen Sie uns \u00fcber unser Kontaktformular kontaktieren. Der Vertrag kann, wenn zutreffend, in einer der Sprachen abgeschlossen werden, in denen die Bedingungen auf dieser Website verf\u00fcgbar sind.<\/p><p>Allgemeine Vertragsbedingungen zwischen DEMCHENKO und dem Benutzer:<\/p><ol><li>Der Benutzer erkl\u00e4rt, dass er vollj\u00e4hrig ist und die notwendige Rechtskapazit\u00e4t besitzt, um die von DEMCHENKO angebotenen Dienste zu nutzen, und erkl\u00e4rt ferner, dass er die Verkn\u00fcpfung mit diesem Vertrag akzeptiert und die Bedingungen, die im Folgenden f\u00fcr die Nutzung der Website und die Inanspruchnahme der angebotenen Dienste erscheinen, vollst\u00e4ndig versteht und akzeptiert.<\/li><\/ol><p>Der Benutzer verpflichtet sich, die Inhalte unserer Website jederzeit gem\u00e4\u00df dem Gesetz und den allgemeinen und besonderen Gesch\u00e4ftsbedingungen f\u00fcr die von DEMCHENKO angebotenen Dienste und Produkte zu nutzen, und sich zu enthalten von:<\/p><p>a) Durchf\u00fchrung rechtswidriger Handlungen, die gegen den guten Glauben, die Sitten, die Moral oder die \u00f6ffentliche Ordnung versto\u00dfen.<\/p><p>b) Durchf\u00fchrung von Handlungen, die einen Versto\u00df gegen die Bestimmungen \u00fcber geistiges und gewerbliches Eigentum oder eine andere anwendbare gesetzliche Regelung darstellen.<\/p><p>c) Vervielf\u00e4ltigung, Duplizierung, Verkauf oder Nutzung zu kommerziellen Zwecken von Inhalten der Website.<\/p><p>d) Verbreitung von Inhalten rassistischer, fremdenfeindlicher, pornografischer oder terroristischer Natur und\/oder von Inhalten, die die Menschenrechte verletzen.<\/p><ol start=\"2\"><li><p>Es wird darauf hingewiesen, dass die f\u00fcr die Verarbeitung Verantwortliche die Handelsgesellschaft DEMCHENKO INTERNATIONAL GROUP, S.L., mit C.I.F. B65046427, und mit Sitz in der Calle Mestre Nicolau 13, 7-2 (08021), Barcelona (Spanien), Tel. 932 22 55 44 und E-Mail <a target=\"_new\">info@musikboutiquehotel.com<\/a> zum Zwecke der Aus\u00fcbung der Rechte auf Zugang, Berichtigung, Einschr\u00e4nkung der Verarbeitung, L\u00f6schung, Widerspruch und des Rechts, nicht Gegenstand individualisierter Entscheidungen zu sein, ist.<\/p><\/li><li><p>Auf unserer Website werden alle Beschreibungen sowie die darin enthaltenen Informationen regelm\u00e4\u00dfig \u00fcberpr\u00fcft. DEMCHENKO bem\u00fcht sich, diese Informationen auf dem neuesten Stand zu halten, \u00fcbernimmt jedoch keine Verantwortung f\u00fcr Fehler, die aufgrund einer \u00c4nderung der Website auftreten k\u00f6nnen. DEMCHENKO beh\u00e4lt sich das Recht vor, Preise, Beschreibungen, Bedingungen und Fotos jederzeit zu \u00e4ndern.<\/p><\/li><li><p>Der Benutzer erkl\u00e4rt durch das Ankreuzen des Formularfelds &#8222;Ich bin damit einverstanden, kommerzielle Informationen von DEMCHENKO INTERNATIONAL GROUP, S.L. per E-Mail zu erhalten&#8220;, sein ausdr\u00fcckliches Einverst\u00e4ndnis zum Erhalt elektronischer Mitteilungen mit Werbung und kommerziellen Neuigkeiten von DEMCHENKO \u00fcber die von ihm vermarkteten Dienstleistungen.<\/p><\/li><li><p>Die auf den Seiten von DEMCHENKO angezeigten Links oder Verbindungen zu anderen Websites dienen ausschlie\u00dflich informativen Zwecken f\u00fcr den Benutzer, weshalb DEMCHENKO nicht f\u00fcr die auf den Zielseiten unter einem anderen Domain angebotenen oder bereitgestellten Produkte, Dienstleistungen oder Inhalte verantwortlich ist.<\/p><\/li><li><p>Alle Inhalte, Marken, Logos, Zeichnungen usw., die auf der Website von DEMCHENKO erscheinen, sind durch die geistigen und gewerblichen Schutzrechte gesch\u00fctzt, die ausdr\u00fccklich von DEMCHENKO oder gegebenenfalls von den Personen oder Unternehmen, die als Autoren oder Inhaber der Rechte erscheinen, vorbehalten sind. Die Verletzung der genannten Rechte wird gem\u00e4\u00df der geltenden Gesetzgebung verfolgt. Daher ist die Vervielf\u00e4ltigung, Nutzung, \u00c4nderung, Verbreitung oder \u00f6ffentliche Kommunikation durch jeden Titel oder Mittel des gesamten Inhalts der DEMCHENKO-Website f\u00fcr andere Zwecke als die legitime Information \u00fcber die angebotenen Dienstleistungen untersagt. In jedem Fall ist die vorherige schriftliche Zustimmung von DEMCHENKO erforderlich.<\/p><\/li><li><p>Der Benutzer akzeptiert, dass das auf den Betrieb dieses Dienstes anwendbare Recht spanisches Recht ist. Die Richter und Gerichte am Wohnsitz des Benutzers sind zust\u00e4ndig f\u00fcr Streitigkeiten, die sich aus der Auslegung oder Anwendung dieser Klauseln ergeben.<\/p><\/li><li><p>Die \u00dcbermittlung und Weiterleitung von Daten, die durch den Benutzer \u00fcber die DEMCHENKO-Website oder die von ihm gesendeten Informationen erfolgen, sind durch die modernsten Techniken der elektronischen Sicherheit im Netz gesch\u00fctzt. Ebenso sind die in unseren Datenbanken bereitgestellten und gespeicherten Daten durch Sicherheitssysteme gesch\u00fctzt, die den unbefugten Zugriff Dritter auf sie verhindern. DEMCHENKO setzt sich nach besten Kr\u00e4ften daf\u00fcr ein, dass die aktuellsten Systeme f\u00fcr die Wirksamkeit dieser Sicherheitssysteme vorhanden sind.<\/p><\/li><li><p>Unsere Empfehlungen und\/oder Werturteile \u00fcber die Dienstleistungen und\/oder Inhalte sowie die Ank\u00fcndigung von Aktionen sind vom Benutzer als Prognosen in gutem Glauben zu betrachten, ohne dass sie als Tatsachenbehauptungen oder als Teil eines Vertrags mit dem Benutzer betrachtet werden k\u00f6nnen.<\/p><\/li><\/ol><p>Buchungsbedingungen zwischen DEMCHENKO und dem Benutzer:<\/p><ol><li><p>BUCHUNG UND ZAHLUNG (Mindestalter f\u00fcr die Buchung, Zahlungsmethode&#8230;)<\/p><\/li><li><p>STORNIERUNGEN<\/p><\/li><\/ol><p>2.1. KOSTENLOSE STORNIERUNG<\/p><p>Kostenlose Stornierung bis 48 Stunden vor dem Anreisetag. Im Falle einer Stornierung nach Ablauf der Frist oder Nichterscheinen wird der Gesamtbetrag f\u00fcr die erste \u00dcbernachtung berechnet.<\/p><p>2.2. NICHT-ERSTATTUNGSF\u00c4HIGER TARIF<\/p><p>F\u00fcr Buchungen mit einem nicht erstattungsf\u00e4higen Tarif wird der Gesamtbetrag der Reservierung ab dem Zeitpunkt der Buchung berechnet. Eine \u00c4nderung oder kostenlose Stornierung ist nicht m\u00f6glich.<\/p><ol start=\"3\"><li>\u00c4NDERUNG EINER RESERVIERUNG<\/li><\/ol><p>Um eine Reservierung zu \u00e4ndern, m\u00fcssen Sie uns per E-Mail oder Telefon kontaktieren.<\/p><ol start=\"4\"><li>\u00d6FFNUNGSZEITEN<\/li><\/ol><p>a) CHECK-IN<\/p><p>Das Zimmer steht Ihnen ab 15:00 Uhr zur Verf\u00fcgung.<\/p><p>b) CHECK-OUT<\/p><p>Die G\u00e4ste m\u00fcssen das Zimmer vor 12:00 Uhr mittags verlassen.<\/p><ol start=\"5\"><li><p>W\u00c4HREND DES AUFENTHALTS (bereitgestellte Dienstleistungen w\u00e4hrend des Aufenthalts)<\/p><\/li><li><p>VERHALTENSREGELN (Rauchverbot, R\u00fccksicht auf die Nachtruhe der Nachbarn, keine Unterbringung mehrerer Personen im Zimmer als vereinbart, Beleuchtungsregeln, Handtuchregeln usw.).<\/p><\/li><\/ol>\t\t\t\t\t\t<\/div>\n\t\t\t\t<\/div>\n\t\t\t\t\t<\/div>\n\t\t<\/div>\n\t\t\t\t\t\t\t<\/div>\n\t\t<\/section>\n\t\t\t\t\t\t<\/div>\n\t\t\t\t\t<\/div>\n\t\t","protected":false},"excerpt":{"rendered":"<p>Einf\u00fchrung Dieses Dokument und die darin genannten legen die Bedingungen f\u00fcr die Nutzung der folgenden Website und Ihr Abonnement sowie den Kauf von Produkten von dieser Website (die &#8222;Bedingungen&#8220;) fest: [&hellip;]<\/p>\n","protected":false},"author":1,"featured_media":0,"parent":0,"menu_order":0,"comment_status":"closed","ping_status":"closed","template":"","meta":{"footnotes":""},"class_list":["post-3181","page","type-page","status-publish","hentry"],"yoast_head":"<!-- This site is optimized with the Yoast SEO plugin v16.5 - https:\/\/yoast.com\/wordpress\/plugins\/seo\/ -->\n<title>Allgemeine Gesch\u00e4ftsbedingungen - musikboutiquehotel.com<\/title>\n<meta name=\"robots\" content=\"index, follow, max-snippet:-1, max-image-preview:large, max-video-preview:-1\" \/>\n<link rel=\"canonical\" href=\"https:\/\/www.musikboutiquehotel.com\/de\/allgemeine-geschaeftsbedingungen\/\" \/>\n<meta property=\"og:locale\" content=\"de_DE\" \/>\n<meta property=\"og:type\" content=\"article\" \/>\n<meta property=\"og:title\" content=\"Allgemeine Gesch\u00e4ftsbedingungen - musikboutiquehotel.com\" \/>\n<meta property=\"og:description\" content=\"Einf\u00fchrung Dieses Dokument und die darin genannten legen die Bedingungen f\u00fcr die Nutzung der folgenden Website und Ihr Abonnement sowie den Kauf von Produkten von dieser Website (die &#8222;Bedingungen&#8220;) fest: [&hellip;]\" \/>\n<meta property=\"og:url\" content=\"https:\/\/www.musikboutiquehotel.com\/de\/allgemeine-geschaeftsbedingungen\/\" \/>\n<meta property=\"og:site_name\" content=\"musikboutiquehotel.com\" \/>\n<meta property=\"article:modified_time\" content=\"2024-04-16T08:13:02+00:00\" \/>\n<meta name=\"twitter:card\" content=\"summary_large_image\" \/>\n<meta name=\"twitter:label1\" content=\"Gesch\u00e4tzte Lesezeit\" \/>\n\t<meta name=\"twitter:data1\" content=\"5\u00a0Minuten\" \/>\n<script type=\"application\/ld+json\" class=\"yoast-schema-graph\">{\"@context\":\"https:\/\/schema.org\",\"@graph\":[{\"@type\":\"WebSite\",\"@id\":\"https:\/\/www.musikboutiquehotel.com\/de\/#website\",\"url\":\"https:\/\/www.musikboutiquehotel.com\/de\/\",\"name\":\"musikboutiquehotel.com\",\"description\":\"Romantic Hotel in Barcelona\",\"potentialAction\":[{\"@type\":\"SearchAction\",\"target\":\"https:\/\/www.musikboutiquehotel.com\/de\/?s={search_term_string}\",\"query-input\":\"required name=search_term_string\"}],\"inLanguage\":\"de\"},{\"@type\":\"WebPage\",\"@id\":\"https:\/\/www.musikboutiquehotel.com\/de\/allgemeine-geschaeftsbedingungen\/#webpage\",\"url\":\"https:\/\/www.musikboutiquehotel.com\/de\/allgemeine-geschaeftsbedingungen\/\",\"name\":\"Allgemeine Gesch\\u00e4ftsbedingungen - musikboutiquehotel.com\",\"isPartOf\":{\"@id\":\"https:\/\/www.musikboutiquehotel.com\/de\/#website\"},\"datePublished\":\"2024-04-16T08:11:32+00:00\",\"dateModified\":\"2024-04-16T08:13:02+00:00\",\"breadcrumb\":{\"@id\":\"https:\/\/www.musikboutiquehotel.com\/de\/allgemeine-geschaeftsbedingungen\/#breadcrumb\"},\"inLanguage\":\"de\",\"potentialAction\":[{\"@type\":\"ReadAction\",\"target\":[\"https:\/\/www.musikboutiquehotel.com\/de\/allgemeine-geschaeftsbedingungen\/\"]}]},{\"@type\":\"BreadcrumbList\",\"@id\":\"https:\/\/www.musikboutiquehotel.com\/de\/allgemeine-geschaeftsbedingungen\/#breadcrumb\",\"itemListElement\":[{\"@type\":\"ListItem\",\"position\":1,\"name\":\"Home\",\"item\":\"https:\/\/www.musikboutiquehotel.com\/de\/\"},{\"@type\":\"ListItem\",\"position\":2,\"name\":\"Allgemeine Gesch\\u00e4ftsbedingungen\"}]}]}<\/script>\n<!-- \/ Yoast SEO plugin. -->","_links":{"self":[{"href":"https:\/\/www.musikboutiquehotel.com\/de\/wp-json\/wp\/v2\/pages\/3181","targetHints":{"allow":["GET"]}}],"collection":[{"href":"https:\/\/www.musikboutiquehotel.com\/de\/wp-json\/wp\/v2\/pages"}],"about":[{"href":"https:\/\/www.musikboutiquehotel.com\/de\/wp-json\/wp\/v2\/types\/page"}],"author":[{"embeddable":true,"href":"https:\/\/www.musikboutiquehotel.com\/de\/wp-json\/wp\/v2\/users\/1"}],"replies":[{"embeddable":true,"href":"https:\/\/www.musikboutiquehotel.com\/de\/wp-json\/wp\/v2\/comments?post=3181"}],"version-history":[{"count":7,"href":"https:\/\/www.musikboutiquehotel.com\/de\/wp-json\/wp\/v2\/pages\/3181\/revisions"}],"predecessor-version":[{"id":3188,"href":"https:\/\/www.musikboutiquehotel.com\/de\/wp-json\/wp\/v2\/pages\/3181\/revisions\/3188"}],"wp:attachment":[{"href":"https:\/\/www.musikboutiquehotel.com\/de\/wp-json\/wp\/v2\/media?parent=3181"}],"curies":[{"name":"wp","href":"https:\/\/api.w.org\/{rel}","templated":true}]}}