{"id":1522,"date":"2022-03-04T11:01:11","date_gmt":"2022-03-04T11:01:11","guid":{"rendered":"http:\/\/musikboutiquehotel.com\/?page_id=1522"},"modified":"2022-03-04T11:02:13","modified_gmt":"2022-03-04T11:02:13","slug":"politica-de-cookies","status":"publish","type":"page","link":"https:\/\/www.musikboutiquehotel.com\/es\/politica-de-cookies\/","title":{"rendered":"Pol\u00edtica de cookies"},"content":{"rendered":"\t\t<div data-elementor-type=\"wp-page\" data-elementor-id=\"1522\" class=\"elementor elementor-1522 elementor-1499\" data-elementor-settings=\"[]\">\n\t\t\t\t\t\t\t<div class=\"elementor-section-wrap\">\n\t\t\t\t\t\t\t<section class=\"elementor-section elementor-top-section elementor-element elementor-element-6de4f0b elementor-section-boxed elementor-section-height-default elementor-section-height-default\" data-id=\"6de4f0b\" data-element_type=\"section\">\n\t\t\t\t\t\t<div class=\"elementor-container elementor-column-gap-default\">\n\t\t\t\t\t<div class=\"elementor-column elementor-col-100 elementor-top-column elementor-element elementor-element-d693736\" data-id=\"d693736\" data-element_type=\"column\">\n\t\t\t<div class=\"elementor-widget-wrap elementor-element-populated\">\n\t\t\t\t\t\t\t\t<div class=\"elementor-element elementor-element-4f1b35c elementor-widget elementor-widget-text-editor\" data-id=\"4f1b35c\" data-element_type=\"widget\" data-widget_type=\"text-editor.default\">\n\t\t\t\t<div class=\"elementor-widget-container\">\n\t\t\t\t\t\t\t\t<h3>Pol\u00edtica de cookies<\/h3><p class=\"\"><strong>1. \u00bfQu\u00e9 es una cookie?<\/strong><\/p><p class=\"\">Una cookie es un fichero que se descarga en su ordenador al acceder a determinadas p\u00e1ginas web. Las cookies permiten a una p\u00e1gina web, entre otras, almacenar y recuperar informaci\u00f3n sobre los h\u00e1bitos de navegaci\u00f3n de un usuario o de su equipo y, dependiendo de la informaci\u00f3n que contengan y de la forma que se utilice su equipo, pueden utilizarse para reconocer al usuario. Las cookies no contienen ninguna clase de informaci\u00f3n personal espec\u00edfica y, la mayor\u00eda de las mismas, se borran del disco duro al finalizar la sesi\u00f3n de navegador (las denominadas cookies de sesi\u00f3n).<\/p><p class=\"\">La mayor\u00eda de los navegadores aceptan como est\u00e1ndar las cookies y, con independencia de las mismas, permiten o impiden en los ajustes de seguridad las cookies temporales o memorizadas.<\/p><p class=\"\" data-rte-preserve-empty=\"true\">\u00a0<\/p><p class=\"\"><strong>2. \u00bfPor qu\u00e9 DEMCHENKO INTERNATIONAL GROUP, S.L. utiliza Cookies?<\/strong><\/p><p class=\"\">Se utilizan cookies con el objetivo de mejorar su experiencia como usuario, por lo tanto, son una parte importante de c\u00f3mo funciona nuestro Sitio Web. Entre otras finalidades, pueden ser utilizadas para recordar el idioma que utiliza durante la navegaci\u00f3n y en futuras visitas o el n\u00famero de visitantes que tenemos.\u00a0<\/p><p class=\"\">\u00a0<\/p><p class=\"\"><strong>3. \u00bfQu\u00e9 informaci\u00f3n almacena una cookie?\u00a0<\/strong><\/p><p class=\"\">La informaci\u00f3n que suele almacenar una cookie no es informaci\u00f3n considerada sensible, no almacena datos c\u00f3mo los bancarios, el D.N.I., entre otros. El usuario no es identificado como persona, sino que el servidor web le asocia a su navegador web.<\/p><p class=\"\">\u00a0<\/p><p class=\"\"><strong>4. Qu\u00e9 tipo de cookies existen?<\/strong><\/p><p class=\"\"><strong>Cookies t\u00e9cnicas:<\/strong> Son aquellas que permiten al usuario la navegaci\u00f3n a trav\u00e9s de una p\u00e1gina web, plataforma o aplicaci\u00f3n y la utilizaci\u00f3n de las diferentes opciones o servicios que en ella existan como, por ejemplo, controlar el tr\u00e1fico y la comunicaci\u00f3n de datos, identificar la sesi\u00f3n, acceder a partes de acceso restringido, recordar los elementos que integran un pedido, realizar el proceso de compra de un pedido, realizar la solicitud de inscripci\u00f3n o participaci\u00f3n de un evento, utilizar elementos de seguridad durante la navegaci\u00f3n, almacenar contenidos para la difusi\u00f3n de videos o sonido o compartir contenidos a trav\u00e9s de redes sociales.<\/p><p class=\"\"><strong>Cookies de personalizaci\u00f3n:<\/strong> Son aqu\u00e9llas que permiten al usuario acceder al servicio con algunas caracter\u00edsticas de car\u00e1cter general predefinidas en funci\u00f3n de una serie de criterios en el terminal del usuario como por ejemplo el idioma, el tipo de navegador a trav\u00e9s del cual accede al servicio, la configuraci\u00f3n regional desde donde accede al servicio, etc.<\/p><p class=\"\"><strong>Cookies de an\u00e1lisis: <\/strong>Son aquellas que bien tratadas por nosotros o por terceros, nos permiten cuantificar en n\u00famero de usuarios y as\u00ed realizar la medici\u00f3n y an\u00e1lisis estad\u00edstico de la utilizaci\u00f3n que hacen los usuarios del servicio ofertado. Para ello se analiza su navegaci\u00f3n en nuestra p\u00e1gina web con el fin de mejorar la oferta de productos o servicios que le ofrecemos.<\/p><p class=\"\"><strong>Cookies publicitarias:<\/strong> Son aqu\u00e9llas que, bien tratadas por nosotros o por terceros, nos permiten gestionar de la forma m\u00e1s eficaz posible la oferta de los espacios publicitarios que hay en la p\u00e1gina web, adecuando el contenido del anuncio al contenido del servicio solicitado o al uso que realice de nuestra p\u00e1gina web. Para ello podemos analizar sus h\u00e1bitos de navegaci\u00f3n en internet y podemos mostrarle publicidad relacionada con su perfil de navegaci\u00f3n.<\/p><p class=\"\" data-rte-preserve-empty=\"true\">\u00a0<\/p><p class=\"\"><strong>5. \u00bfQu\u00e9 son las cookies propias y las de terceros?\u00a0<\/strong><\/p><p class=\"\">&#8211; Cookies propias: Son aqu\u00e9llas que se env\u00edan al usuario desde un equipo o dominio gestionado por nosotros.\u00a0<\/p><p class=\"\">&#8211; Cookies de terceros: Ser\u00edan las generadas por servicios o proveedores externos como Facebook, Twitter, Google, et<\/p><p class=\"\" data-rte-preserve-empty=\"true\">\u00a0<\/p><p class=\"\"><strong>6. \u00bfSe pueden desactivar o eliminar las cookies?<\/strong><\/p><p class=\"\">Usted puede rechazar el tratamiento de los datos o informaci\u00f3n recogidos por las cookies en cualquier momento, mediante la configuraci\u00f3n de las opciones de su navegador de Internet. Puede permitir, bloquear (de forma general o particular para un dominio espec\u00edfico) o eliminar las cookies instaladas en su equipo.<\/p><p class=\"\">Sin embargo, esto podr\u00eda afectar la \u00f3ptima navegaci\u00f3n de nuestro sitio web, ya que algunas funcionalidades se desactivar\u00edan y la visualizaci\u00f3n de algunas herramientas se podr\u00eda ver perjudicada.\u00a0<\/p><p class=\"\" data-rte-preserve-empty=\"true\">\u00a0<\/p><p class=\"\">Para m\u00e1s informaci\u00f3n sobre Firefox pulse aqu\u00ed:<\/p><p class=\"\"><a href=\"http:\/\/support.mozilla.org\/es\/kb\/cookies-informacion-que-los-sitios-web-guardan-en-#w_configurar-las-cookies\">http:\/\/support.mozilla.org\/es\/kb\/cookies-informacion-que-los-sitios-web-guardan-en-#w_configurar-las-cookies<\/a>.<\/p><p class=\"\" data-rte-preserve-empty=\"true\">\u00a0<\/p><p class=\"\">Para m\u00e1s informaci\u00f3n sobre Chrome pulse aqu\u00ed:<\/p><p class=\"\"><a href=\"http:\/\/support.google.com\/chrome\/bin\/answer.py?hl=es&amp;answer=95647\">http:\/\/support.google.com\/chrome\/bin\/answer.py?hl=es&amp;answer=95647<\/a>.<\/p><p class=\"\">\u00a0<\/p><p class=\"\">Para m\u00e1s informaci\u00f3n sobre Explorer pulse aqu\u00ed:<\/p><p class=\"\"><a href=\"https:\/\/support.microsoft.com\/es-es\/help\/17442\/windows-internet-explorer-delete-manage-cookies\">https:\/\/support.microsoft.com\/es-es\/help\/17442\/windows-internet-explorer-delete-manage-cookies<\/a><\/p><p class=\"\" data-rte-preserve-empty=\"true\">\u00a0<\/p><p class=\"\">Para m\u00e1s informaci\u00f3n sobre Safari pulse aqu\u00ed:<\/p><p class=\"\"><a href=\"http:\/\/support.apple.com\/kb\/ph5042\">http:\/\/support.apple.com\/kb\/ph5042<\/a>.<\/p><p class=\"\" data-rte-preserve-empty=\"true\">\u00a0<\/p><p class=\"\">Para m\u00e1s informaci\u00f3n sobre Opera pulse aqu\u00ed:<\/p><p class=\"\"><a href=\"http:\/\/help.opera.com\/Windows\/11.50\/esES\/cookies.html\">http:\/\/help.opera.com\/Windows\/11.50\/esES\/cookies.html<\/a>.<\/p><p class=\"\" data-rte-preserve-empty=\"true\">\u00a0<\/p><p class=\"\"><strong>7. El usuario acepta expresamente, por la utilizaci\u00f3n de este Site, el tratamiento de la informaci\u00f3n recabada en la forma y con los fines anteriormente mencionados.<\/strong> Y de la misma forma reconoce la posibilidad de rechazar el tratamiento de los datos o informaci\u00f3n, rechazando el uso de las cookies mediante la selecci\u00f3n de la configuraci\u00f3n apropiada a tal fin en su navegador. Si bien esta opci\u00f3n de bloqueo de Cookies en su navegador puede no permitirle el uso pleno de todas las funcionalidades del Website.<\/p>\t\t\t\t\t\t<\/div>\n\t\t\t\t<\/div>\n\t\t\t\t\t<\/div>\n\t\t<\/div>\n\t\t\t\t\t\t\t<\/div>\n\t\t<\/section>\n\t\t\t\t\t\t<\/div>\n\t\t\t\t\t<\/div>\n\t\t","protected":false},"excerpt":{"rendered":"<p>Pol\u00edtica de cookies 1. \u00bfQu\u00e9 es una cookie? Una cookie es un fichero que se descarga en su ordenador al acceder a determinadas p\u00e1ginas web. Las cookies permiten a una [&hellip;]<\/p>\n","protected":false},"author":1,"featured_media":0,"parent":0,"menu_order":0,"comment_status":"closed","ping_status":"closed","template":"","meta":{"footnotes":""},"class_list":["post-1522","page","type-page","status-publish","hentry"],"yoast_head":"<!-- This site is optimized with the Yoast SEO plugin v16.5 - https:\/\/yoast.com\/wordpress\/plugins\/seo\/ -->\n<title>Pol\u00edtica de cookies - musikboutiquehotel.com<\/title>\n<meta name=\"robots\" content=\"index, follow, max-snippet:-1, max-image-preview:large, max-video-preview:-1\" \/>\n<link rel=\"canonical\" href=\"https:\/\/www.musikboutiquehotel.com\/es\/politica-de-cookies\/\" \/>\n<meta property=\"og:locale\" content=\"es_ES\" \/>\n<meta property=\"og:type\" content=\"article\" \/>\n<meta property=\"og:title\" content=\"Pol\u00edtica de cookies - musikboutiquehotel.com\" \/>\n<meta property=\"og:description\" content=\"Pol\u00edtica de cookies 1. \u00bfQu\u00e9 es una cookie? Una cookie es un fichero que se descarga en su ordenador al acceder a determinadas p\u00e1ginas web. Las cookies permiten a una [&hellip;]\" \/>\n<meta property=\"og:url\" content=\"https:\/\/www.musikboutiquehotel.com\/es\/politica-de-cookies\/\" \/>\n<meta property=\"og:site_name\" content=\"musikboutiquehotel.com\" \/>\n<meta property=\"article:modified_time\" content=\"2022-03-04T11:02:13+00:00\" \/>\n<meta name=\"twitter:card\" content=\"summary_large_image\" \/>\n<meta name=\"twitter:label1\" content=\"Tiempo de lectura\" \/>\n\t<meta name=\"twitter:data1\" content=\"4 minutos\" \/>\n<script type=\"application\/ld+json\" class=\"yoast-schema-graph\">{\"@context\":\"https:\/\/schema.org\",\"@graph\":[{\"@type\":\"WebSite\",\"@id\":\"https:\/\/www.musikboutiquehotel.com\/es\/#website\",\"url\":\"https:\/\/www.musikboutiquehotel.com\/es\/\",\"name\":\"musikboutiquehotel.com\",\"description\":\"Hotel Rom\\u00e1ntico en Barcelona\",\"potentialAction\":[{\"@type\":\"SearchAction\",\"target\":\"https:\/\/www.musikboutiquehotel.com\/es\/?s={search_term_string}\",\"query-input\":\"required name=search_term_string\"}],\"inLanguage\":\"es\"},{\"@type\":\"WebPage\",\"@id\":\"https:\/\/www.musikboutiquehotel.com\/es\/politica-de-cookies\/#webpage\",\"url\":\"https:\/\/www.musikboutiquehotel.com\/es\/politica-de-cookies\/\",\"name\":\"Pol\\u00edtica de cookies - musikboutiquehotel.com\",\"isPartOf\":{\"@id\":\"https:\/\/www.musikboutiquehotel.com\/es\/#website\"},\"datePublished\":\"2022-03-04T11:01:11+00:00\",\"dateModified\":\"2022-03-04T11:02:13+00:00\",\"breadcrumb\":{\"@id\":\"https:\/\/www.musikboutiquehotel.com\/es\/politica-de-cookies\/#breadcrumb\"},\"inLanguage\":\"es\",\"potentialAction\":[{\"@type\":\"ReadAction\",\"target\":[\"https:\/\/www.musikboutiquehotel.com\/es\/politica-de-cookies\/\"]}]},{\"@type\":\"BreadcrumbList\",\"@id\":\"https:\/\/www.musikboutiquehotel.com\/es\/politica-de-cookies\/#breadcrumb\",\"itemListElement\":[{\"@type\":\"ListItem\",\"position\":1,\"name\":\"Home\",\"item\":\"https:\/\/www.musikboutiquehotel.com\/es\/\"},{\"@type\":\"ListItem\",\"position\":2,\"name\":\"Pol\\u00edtica de cookies\"}]}]}<\/script>\n<!-- \/ Yoast SEO plugin. -->","_links":{"self":[{"href":"https:\/\/www.musikboutiquehotel.com\/es\/wp-json\/wp\/v2\/pages\/1522","targetHints":{"allow":["GET"]}}],"collection":[{"href":"https:\/\/www.musikboutiquehotel.com\/es\/wp-json\/wp\/v2\/pages"}],"about":[{"href":"https:\/\/www.musikboutiquehotel.com\/es\/wp-json\/wp\/v2\/types\/page"}],"author":[{"embeddable":true,"href":"https:\/\/www.musikboutiquehotel.com\/es\/wp-json\/wp\/v2\/users\/1"}],"replies":[{"embeddable":true,"href":"https:\/\/www.musikboutiquehotel.com\/es\/wp-json\/wp\/v2\/comments?post=1522"}],"version-history":[{"count":8,"href":"https:\/\/www.musikboutiquehotel.com\/es\/wp-json\/wp\/v2\/pages\/1522\/revisions"}],"predecessor-version":[{"id":1535,"href":"https:\/\/www.musikboutiquehotel.com\/es\/wp-json\/wp\/v2\/pages\/1522\/revisions\/1535"}],"wp:attachment":[{"href":"https:\/\/www.musikboutiquehotel.com\/es\/wp-json\/wp\/v2\/media?parent=1522"}],"curies":[{"name":"wp","href":"https:\/\/api.w.org\/{rel}","templated":true}]}}