{"id":1677,"date":"2022-03-09T12:51:11","date_gmt":"2022-03-09T12:51:11","guid":{"rendered":"http:\/\/musikboutiquehotel.com\/?page_id=1677"},"modified":"2022-03-09T12:51:58","modified_gmt":"2022-03-09T12:51:58","slug":"terminos-y-condiciones","status":"publish","type":"page","link":"https:\/\/www.musikboutiquehotel.com\/es\/terminos-y-condiciones\/","title":{"rendered":"T\u00e9rminos y condiciones"},"content":{"rendered":"\t\t<div data-elementor-type=\"wp-page\" data-elementor-id=\"1677\" class=\"elementor elementor-1677 elementor-1671\" data-elementor-settings=\"[]\">\n\t\t\t\t\t\t\t<div class=\"elementor-section-wrap\">\n\t\t\t\t\t\t\t<section class=\"elementor-section elementor-top-section elementor-element elementor-element-2e6524a elementor-section-boxed elementor-section-height-default elementor-section-height-default\" data-id=\"2e6524a\" data-element_type=\"section\">\n\t\t\t\t\t\t<div class=\"elementor-container elementor-column-gap-default\">\n\t\t\t\t\t<div class=\"elementor-column elementor-col-100 elementor-top-column elementor-element elementor-element-436373e\" data-id=\"436373e\" data-element_type=\"column\">\n\t\t\t<div class=\"elementor-widget-wrap elementor-element-populated\">\n\t\t\t\t\t\t\t\t<div class=\"elementor-element elementor-element-8323cca elementor-widget elementor-widget-text-editor\" data-id=\"8323cca\" data-element_type=\"widget\" data-widget_type=\"text-editor.default\">\n\t\t\t\t<div class=\"elementor-widget-container\">\n\t\t\t\t\t\t\t\t<p class=\"\"><strong>Introducci\u00f3n<\/strong><\/p><p class=\"\">El presente documento, as\u00ed como los mencionados en \u00e9l, establece las condiciones por las que se rige el uso de la siguiente p\u00e1gina web y la suscripci\u00f3n y compra de productos en la misma (en adelante, las \u00abCondiciones\u00bb): http:\/\/www.musikboutiquehotel.com\/<\/p><p class=\"\">Le rogamos que lea atentamente las presentes Condiciones, el Aviso Legal, nuestra Pol\u00edtica de Cookies y nuestra Pol\u00edtica de Privacidad (conjuntamente, las \u201cPol\u00edticas de Protecci\u00f3n de Datos\u201d) antes de usar esta p\u00e1gina web. Al utilizar esta p\u00e1gina web o hacer un pedido a trav\u00e9s de la misma usted consiente expresamente quedar vinculado por estas Condiciones y por nuestras Pol\u00edticas de Protecci\u00f3n de Datos, por lo que, si no est\u00e1 usted de acuerdo con todas las Condiciones y con las Pol\u00edticas de Protecci\u00f3n de Datos, no debe usar esta p\u00e1gina web. Si tiene alguna pregunta relacionada con las Condiciones o las Pol\u00edticas de Protecci\u00f3n de Datos puede ponerse en contacto con nosotros a trav\u00e9s de nuestro formulario de contacto. El contrato, en su caso, podr\u00e1 formalizarse, a su elecci\u00f3n, en cualquiera de los idiomas en los que las Condiciones est\u00e1n disponibles en esta p\u00e1gina web.<\/p><p class=\"\"><strong>Condiciones generales de contrataci\u00f3n <\/strong>entre\u00a0<strong>DEMCHENKO<\/strong>\u00a0y el usuario:<\/p><p class=\"\">1. El usuario declara que es mayor de edad y dispone de capacidad legal necesaria para contratar los servicios ofertados por DEMCHENKO manifestando asimismo que acepta la vinculaci\u00f3n a este acuerdo y entiende y acepta en su totalidad las condiciones que constan a continuaci\u00f3n relativas a la utilizaci\u00f3n de la p\u00e1gina web y a la contrataci\u00f3n de los servicios ofertados.<\/p><p class=\"\">El usuario se compromete a utilizar los contenidos de nuestro Sitio Web de conformidad con la Ley y los t\u00e9rminos y condiciones generales y particulares de los servicios y productos que ofrece DEMCHENKO en cada momento, debiendo abstenerse de emplearlos para:<\/p><p class=\"\">a) Realizar actividades il\u00edcitas, contrarias a la buena fe, a las costumbres, a la moral o al orden p\u00fablico.<\/p><p class=\"\">b) Realizar actividades que constituyan una infracci\u00f3n de la regulaci\u00f3n sobre propiedad intelectual e industrial o cualquier otra norma del ordenamiento jur\u00eddico aplicable.<\/p><p class=\"\">c) Reproducir, duplicar, vender o explotar para fines comerciales cualquier contenido del Sitio Web.<\/p><p class=\"\">d) Difundir contenidos de car\u00e1cter racista, xen\u00f3fobo, pornogr\u00e1fico, de apolog\u00eda del terrorismo y\/o que atenten contra los derechos humanos.<\/p><p class=\"\">2. Se indica que el Responsable del tratamiento es la sociedad mercantil DEMCHENKO INTERNATIONAL GROUP, S.L., dotada de C.I.F. B65046427, y con domicilio en calle Mestre Nicolau 13, 7-2 (08021), Barcelona (Espa\u00f1a), Telf. 932 22 55 44 y correo electr\u00f3nico info@musikboutiquehotel.com a efectos del ejercicio de los derechos de acceso, rectificaci\u00f3n, limitaci\u00f3n de tratamiento, supresi\u00f3n, oposici\u00f3n y derecho a no ser objeto de decisiones individualizadas.<\/p><p class=\"\">3. En nuestra p\u00e1gina web, todas y cada una de las descripciones, as\u00ed como la informaci\u00f3n que en ella se encuentra es revisada peri\u00f3dicamente. DEMCHENKO hace lo posible para mantener esta informaci\u00f3n al d\u00eda, pero no se responsabiliza de cualquier error que pueda surgir por un cambio en la web. DEMCHENKO tiene el derecho de modificar precios, descripciones, condiciones y fotos en cualquier momento.<\/p><p class=\"\">4. El usuario, a trav\u00e9s del <em>checkbox<\/em> del formulario \u201c<em>Acepto recibir informaci\u00f3n comercial de DEMCHENKO INTERNATIONAL GROUP, S.L. a trav\u00e9s de email.\u201d <\/em>da su consentimiento expreso para recibir comunicaciones electr\u00f3nicas con publicidad y novedades comerciales de\u00a0DEMCHENKO sobre los servicios que \u00e9sta comercializa.<\/p><p class=\"\">5. Los links o enlaces con otras p\u00e1ginas web que aparezcan en las p\u00e1ginas de\u00a0<strong>DEMCHENKO<\/strong>\u00a0se ofrecen a efectos meramente informativos al usuario, por lo que\u00a0<strong>DEMCHENKO<\/strong>\u00a0no se responsabiliza sobre los productos, servicios o contenidos que se oferten o suministren en las p\u00e1ginas de destino ubicados en otro dominio.<\/p><p class=\"\">6. Todos los contenidos, marcas, logos, dibujos etc. que figuran en la web de\u00a0<strong>DEMCHENKO<\/strong>, se hallan protegidos por los derechos de propiedad intelectual e industrial que son expresamente reservados por\u00a0<strong>DEMCHENKO<\/strong> o, en su caso, por las personas o empresas que figuran como autores o titulares de los derechos. La violaci\u00f3n de los anteriores derechos ser\u00e1 perseguida de conformidad con la legislaci\u00f3n vigente. Por lo tanto, queda prohibida la reproducci\u00f3n, explotaci\u00f3n, alteraci\u00f3n, distribuci\u00f3n o comunicaci\u00f3n p\u00fablica por cualquier t\u00edtulo o medio de la totalidad de los contenidos de la web de\u00a0<strong>DEMCHENKO<\/strong> para usos diferentes de la leg\u00edtima informaci\u00f3n de los servicios ofertados. En todo caso ser\u00e1 necesario el consentimiento previo por escrito de\u00a0<strong>DEMCHENKO.<\/strong><\/p><p class=\"\">7. El usuario acepta que la legislaci\u00f3n aplicable al funcionamiento de este servicio es la espa\u00f1ola. Ser\u00e1n competentes para conocer de las divergencias que se deriven de la interpretaci\u00f3n o aplicaci\u00f3n de este clausulado los Jueces y Tribunales del domicilio del usuario.<\/p><p class=\"\">8. El env\u00edo y la remisi\u00f3n de datos que se realice por el usuario a trav\u00e9s de la web de\u00a0<strong>DEMCHENKO<\/strong>\u00a0o la informaci\u00f3n que \u00e9sta remita, se encuentra protegida por las m\u00e1s modernas t\u00e9cnicas de seguridad electr\u00f3nica en la red. Asimismo, los datos suministrados y almacenados en nuestras bases de datos se encuentran igualmente protegidos por sistemas de seguridad que impiden el acceso de terceros no autorizados a los mismos.<strong> DEMCHENKO<\/strong> realiza sus mejores esfuerzos para disponer de los sistemas m\u00e1s actualizados para la eficacia de estos sistemas de seguridad.<\/p><p class=\"\">9. Nuestras recomendaciones y\/o juicios de valor acerca de los servicios y\/o contenidos, as\u00ed como el anuncio de promociones, deben ser consideradas por el usuario como previsiones de buena fe, sin que quepa tenerlas como afirmaciones de hecho, ni como parte de ning\u00fan contrato con el usuario.<\/p><p class=\"\" data-rte-preserve-empty=\"true\">\u00a0<\/p><p class=\"\"><strong>Condiciones <\/strong>de RESERVA entre DEMCHENKO y el usuario:\u00a0<\/p><p class=\"\"><strong>1. RESERVAS Y PAGOS<\/strong> (edad m\u00ednima de reserva, forma de pago\u2026)<\/p><p class=\"\" data-rte-preserve-empty=\"true\">\u00a0<\/p><p class=\"\"><strong>2. CANCELACIONES\u00a0<\/strong><\/p><p class=\"\"><strong>2.1. TARIFA DE CANCELACI\u00d3N GRATUITA<\/strong><\/p><p class=\"\">Cancelaci\u00f3n gratuita hasta 48 horas antes del d\u00eda de la llegada. En caso de cancelaci\u00f3n fuera del plazo o no presentarse se cobrar\u00e1 el total de la primera noche.<\/p><p class=\"\"><strong>2.2. TARIFA NO REEMBOLSABLE\u00a0<\/strong><\/p><p class=\"\">En reservas con tarifa No Reembolsable, se podr\u00e1 cargar el importe total de la reserva desde el momento en que la reserva se efect\u00fae. No habr\u00e1 posibilidad de modificaci\u00f3n ni de cancelaci\u00f3n gratuita.<\/p><p class=\"\" data-rte-preserve-empty=\"true\">\u00a0<\/p><p class=\"\"><strong>3. MODIFICAR UNA RESERVA\u00a0<\/strong><\/p><p class=\"\">Para efectuar la modificaci\u00f3n de una reserva, deber\u00e1s ponerte en contacto con nosotros v\u00eda e-mail o tel\u00e9fono.<\/p><p class=\"\" data-rte-preserve-empty=\"true\">\u00a0<\/p><p class=\"\"><strong>4. HORARIOS\u00a0<\/strong><\/p><p class=\"\"><strong>a) ENTRADA<\/strong><\/p><p class=\"\">La habitaci\u00f3n estar\u00e1 disponible a partir de las 15h.\u00a0<\/p><p class=\"\"><strong>b) SALIDA\u00a0<\/strong><\/p><p class=\"\">Los hu\u00e9spedes deber\u00e1n dejar libre la habitaci\u00f3n antes de las 12 h.<\/p><p class=\"\" data-rte-preserve-empty=\"true\">\u00a0<\/p><p class=\"\"><strong>5. DURANTE LA ESTANCIA<\/strong> (servicios ofrecidos durante la estancia)<\/p><p class=\"\" data-rte-preserve-empty=\"true\">\u00a0<\/p><p class=\"\"><strong>6. NORMAS DE CONDUCTA<\/strong> (prohibici\u00f3n de fumar, respetar descanso de los vecinos, no acomodar a m\u00e1s gente en la habitaci\u00f3n de la estipulada, normas de luces, normas de toallas\u2026)<\/p>\t\t\t\t\t\t<\/div>\n\t\t\t\t<\/div>\n\t\t\t\t\t<\/div>\n\t\t<\/div>\n\t\t\t\t\t\t\t<\/div>\n\t\t<\/section>\n\t\t\t\t\t\t<\/div>\n\t\t\t\t\t<\/div>\n\t\t","protected":false},"excerpt":{"rendered":"<p>Introducci\u00f3n El presente documento, as\u00ed como los mencionados en \u00e9l, establece las condiciones por las que se rige el uso de la siguiente p\u00e1gina web y la suscripci\u00f3n y compra [&hellip;]<\/p>\n","protected":false},"author":1,"featured_media":0,"parent":0,"menu_order":0,"comment_status":"closed","ping_status":"closed","template":"","meta":{"footnotes":""},"class_list":["post-1677","page","type-page","status-publish","hentry"],"yoast_head":"<!-- This site is optimized with the Yoast SEO plugin v16.5 - https:\/\/yoast.com\/wordpress\/plugins\/seo\/ -->\n<title>T\u00e9rminos y condiciones - musikboutiquehotel.com<\/title>\n<meta name=\"robots\" content=\"index, follow, max-snippet:-1, max-image-preview:large, max-video-preview:-1\" \/>\n<link rel=\"canonical\" href=\"https:\/\/www.musikboutiquehotel.com\/es\/terminos-y-condiciones\/\" \/>\n<meta property=\"og:locale\" content=\"es_ES\" \/>\n<meta property=\"og:type\" content=\"article\" \/>\n<meta property=\"og:title\" content=\"T\u00e9rminos y condiciones - musikboutiquehotel.com\" \/>\n<meta property=\"og:description\" content=\"Introducci\u00f3n El presente documento, as\u00ed como los mencionados en \u00e9l, establece las condiciones por las que se rige el uso de la siguiente p\u00e1gina web y la suscripci\u00f3n y compra [&hellip;]\" \/>\n<meta property=\"og:url\" content=\"https:\/\/www.musikboutiquehotel.com\/es\/terminos-y-condiciones\/\" \/>\n<meta property=\"og:site_name\" content=\"musikboutiquehotel.com\" \/>\n<meta property=\"article:modified_time\" content=\"2022-03-09T12:51:58+00:00\" \/>\n<meta name=\"twitter:card\" content=\"summary_large_image\" \/>\n<meta name=\"twitter:label1\" content=\"Tiempo de lectura\" \/>\n\t<meta name=\"twitter:data1\" content=\"5 minutos\" \/>\n<script type=\"application\/ld+json\" class=\"yoast-schema-graph\">{\"@context\":\"https:\/\/schema.org\",\"@graph\":[{\"@type\":\"WebSite\",\"@id\":\"https:\/\/www.musikboutiquehotel.com\/es\/#website\",\"url\":\"https:\/\/www.musikboutiquehotel.com\/es\/\",\"name\":\"musikboutiquehotel.com\",\"description\":\"Hotel Rom\\u00e1ntico en Barcelona\",\"potentialAction\":[{\"@type\":\"SearchAction\",\"target\":\"https:\/\/www.musikboutiquehotel.com\/es\/?s={search_term_string}\",\"query-input\":\"required name=search_term_string\"}],\"inLanguage\":\"es\"},{\"@type\":\"WebPage\",\"@id\":\"https:\/\/www.musikboutiquehotel.com\/es\/terminos-y-condiciones\/#webpage\",\"url\":\"https:\/\/www.musikboutiquehotel.com\/es\/terminos-y-condiciones\/\",\"name\":\"T\\u00e9rminos y condiciones - musikboutiquehotel.com\",\"isPartOf\":{\"@id\":\"https:\/\/www.musikboutiquehotel.com\/es\/#website\"},\"datePublished\":\"2022-03-09T12:51:11+00:00\",\"dateModified\":\"2022-03-09T12:51:58+00:00\",\"breadcrumb\":{\"@id\":\"https:\/\/www.musikboutiquehotel.com\/es\/terminos-y-condiciones\/#breadcrumb\"},\"inLanguage\":\"es\",\"potentialAction\":[{\"@type\":\"ReadAction\",\"target\":[\"https:\/\/www.musikboutiquehotel.com\/es\/terminos-y-condiciones\/\"]}]},{\"@type\":\"BreadcrumbList\",\"@id\":\"https:\/\/www.musikboutiquehotel.com\/es\/terminos-y-condiciones\/#breadcrumb\",\"itemListElement\":[{\"@type\":\"ListItem\",\"position\":1,\"name\":\"Home\",\"item\":\"https:\/\/www.musikboutiquehotel.com\/es\/\"},{\"@type\":\"ListItem\",\"position\":2,\"name\":\"T\\u00e9rminos y condiciones\"}]}]}<\/script>\n<!-- \/ Yoast SEO plugin. -->","_links":{"self":[{"href":"https:\/\/www.musikboutiquehotel.com\/es\/wp-json\/wp\/v2\/pages\/1677","targetHints":{"allow":["GET"]}}],"collection":[{"href":"https:\/\/www.musikboutiquehotel.com\/es\/wp-json\/wp\/v2\/pages"}],"about":[{"href":"https:\/\/www.musikboutiquehotel.com\/es\/wp-json\/wp\/v2\/types\/page"}],"author":[{"embeddable":true,"href":"https:\/\/www.musikboutiquehotel.com\/es\/wp-json\/wp\/v2\/users\/1"}],"replies":[{"embeddable":true,"href":"https:\/\/www.musikboutiquehotel.com\/es\/wp-json\/wp\/v2\/comments?post=1677"}],"version-history":[{"count":4,"href":"https:\/\/www.musikboutiquehotel.com\/es\/wp-json\/wp\/v2\/pages\/1677\/revisions"}],"predecessor-version":[{"id":1681,"href":"https:\/\/www.musikboutiquehotel.com\/es\/wp-json\/wp\/v2\/pages\/1677\/revisions\/1681"}],"wp:attachment":[{"href":"https:\/\/www.musikboutiquehotel.com\/es\/wp-json\/wp\/v2\/media?parent=1677"}],"curies":[{"name":"wp","href":"https:\/\/api.w.org\/{rel}","templated":true}]}}