{"id":609,"date":"2021-10-06T15:21:34","date_gmt":"2021-10-06T14:21:34","guid":{"rendered":"http:\/\/musikboutiquehotel.com\/?page_id=609"},"modified":"2022-10-13T10:11:05","modified_gmt":"2022-10-13T09:11:05","slug":"contacto","status":"publish","type":"page","link":"https:\/\/www.musikboutiquehotel.com\/es\/contacto\/","title":{"rendered":"Contacto"},"content":{"rendered":"\t\t<div data-elementor-type=\"wp-page\" data-elementor-id=\"609\" class=\"elementor elementor-609 elementor-33\" data-elementor-settings=\"[]\">\n\t\t\t\t\t\t\t<div class=\"elementor-section-wrap\">\n\t\t\t\t\t\t\t<section class=\"elementor-section elementor-top-section elementor-element elementor-element-d71b645 elementor-section-boxed elementor-section-height-default elementor-section-height-default\" data-id=\"d71b645\" data-element_type=\"section\">\n\t\t\t\t\t\t<div class=\"elementor-container elementor-column-gap-default\">\n\t\t\t\t\t<div class=\"elementor-column elementor-col-100 elementor-top-column elementor-element elementor-element-59b8754d\" data-id=\"59b8754d\" data-element_type=\"column\">\n\t\t\t<div class=\"elementor-widget-wrap elementor-element-populated\">\n\t\t\t\t\t\t\t\t<div class=\"elementor-element elementor-element-90f4f7b elementor-widget elementor-widget-text-editor\" data-id=\"90f4f7b\" data-element_type=\"widget\" data-widget_type=\"text-editor.default\">\n\t\t\t\t<div class=\"elementor-widget-container\">\n\t\t\t\t\t\t\t\t<div class=\"entry-content-intro\">Nuestro equipo estar\u00e1 encantado de asesorarle y responder a cualquier pregunta que tenga sobre el hotel y su estancia en Barcelona. Puede contactar con nosotros a trav\u00e9s de diferentes v\u00edas:<\/div><h3>Musik Boutique Hotel<\/h3><p class=\"\">Calle de Sant Pere M\u00e9s Baix, 62<br \/>08003, Barcelona, Espa\u00f1a<br \/>Tel\u00e9fono: +34 932 22 55 44<br \/>Email: info@musikboutiquehotel.com<\/p><h3>C\u00f3mo llegar<\/h3><p><iframe loading=\"lazy\" style=\"border: 0;\" src=\"https:\/\/www.google.com\/maps\/embed?pb=!1m18!1m12!1m3!1d2993.3590502052193!2d2.176208515425801!3d41.38800827926419!2m3!1f0!2f0!3f0!3m2!1i1024!2i768!4f13.1!3m3!1m2!1s0x12a4a2fb9faad9a9%3A0x3ae2c7d2d375e3f2!2sMusik%20Boutique%20Hotel!5e0!3m2!1ses!2ses!4v1623765990522!5m2!1ses!2ses\" width=\"850\" height=\"470\" frameborder=\"0\" allowfullscreen=\"allowfullscreen\"><\/iframe><\/p><p>Puede ponerse en contacto con nosotros por tel\u00e9fono, correo electr\u00f3nico o dejando su comentario en el siguiente formulario. El personal del Musik Boutique Hotel le atender\u00e1 lo antes posible.<\/p><h3>Contact form<\/h3><p><div role=\"form\" class=\"wpcf7\" id=\"wpcf7-f209-o1\" lang=\"en-US\" dir=\"ltr\">\n<div class=\"screen-reader-response\"><p role=\"status\" aria-live=\"polite\" aria-atomic=\"true\"><\/p> <ul><\/ul><\/div>\n<form action=\"\/es\/wp-json\/wp\/v2\/pages\/609#wpcf7-f209-o1\" method=\"post\" class=\"wpcf7-form init\" novalidate=\"novalidate\" data-status=\"init\">\n<div style=\"display: none;\">\n<input type=\"hidden\" name=\"_wpcf7\" value=\"209\" \/>\n<input type=\"hidden\" name=\"_wpcf7_version\" value=\"5.4.1\" \/>\n<input type=\"hidden\" name=\"_wpcf7_locale\" value=\"en_US\" \/>\n<input type=\"hidden\" name=\"_wpcf7_unit_tag\" value=\"wpcf7-f209-o1\" \/>\n<input type=\"hidden\" name=\"_wpcf7_container_post\" value=\"0\" \/>\n<input type=\"hidden\" name=\"_wpcf7_posted_data_hash\" value=\"\" \/>\n<\/div>\n<p><label>Your Name (required)<\/label><span class=\"wpcf7-form-control-wrap your-name\"><input type=\"text\" name=\"your-name\" value=\"\" size=\"40\" class=\"wpcf7-form-control wpcf7-text wpcf7-validates-as-required\" aria-required=\"true\" aria-invalid=\"false\" \/><\/span><\/p>\n<p><label>Your Email (required)<\/label><span class=\"wpcf7-form-control-wrap your-email\"><input type=\"email\" name=\"your-email\" value=\"\" size=\"40\" class=\"wpcf7-form-control wpcf7-text wpcf7-email wpcf7-validates-as-required wpcf7-validates-as-email\" aria-required=\"true\" aria-invalid=\"false\" \/><\/span><\/p>\n<p><label>Subject <\/label><span class=\"wpcf7-form-control-wrap your-subject\"><input type=\"text\" name=\"your-subject\" value=\"\" size=\"40\" class=\"wpcf7-form-control wpcf7-text\" aria-invalid=\"false\" \/><\/span><\/p>\n<p><label>Your Message <\/label><span class=\"wpcf7-form-control-wrap your-message\"><textarea name=\"your-message\" cols=\"40\" rows=\"10\" class=\"wpcf7-form-control wpcf7-textarea\" aria-invalid=\"false\"><\/textarea><\/span><\/p>\n<p><input type=\"submit\" value=\"Send\" class=\"wpcf7-form-control wpcf7-submit\" \/><\/p>\n<div class=\"wpcf7-response-output\" aria-hidden=\"true\"><\/div><\/form><\/div><\/p>\t\t\t\t\t\t<\/div>\n\t\t\t\t<\/div>\n\t\t\t\t\t<\/div>\n\t\t<\/div>\n\t\t\t\t\t\t\t<\/div>\n\t\t<\/section>\n\t\t\t\t\t\t<\/div>\n\t\t\t\t\t<\/div>\n\t\t","protected":false},"excerpt":{"rendered":"<p>Nuestro equipo estar\u00e1 encantado de asesorarle y responder a cualquier pregunta que tenga sobre el hotel y su estancia en Barcelona. Puede contactar con nosotros a trav\u00e9s de diferentes v\u00edas: [&hellip;]<\/p>\n","protected":false},"author":1,"featured_media":0,"parent":0,"menu_order":0,"comment_status":"closed","ping_status":"closed","template":"","meta":{"footnotes":""},"class_list":["post-609","page","type-page","status-publish","hentry"],"yoast_head":"<!-- This site is optimized with the Yoast SEO plugin v16.5 - https:\/\/yoast.com\/wordpress\/plugins\/seo\/ -->\n<title>Contacto - musikboutiquehotel.com<\/title>\n<meta name=\"robots\" content=\"index, follow, max-snippet:-1, max-image-preview:large, max-video-preview:-1\" \/>\n<link rel=\"canonical\" href=\"https:\/\/www.musikboutiquehotel.com\/es\/contacto\/\" \/>\n<meta property=\"og:locale\" content=\"es_ES\" \/>\n<meta property=\"og:type\" content=\"article\" \/>\n<meta property=\"og:title\" content=\"Contacto - musikboutiquehotel.com\" \/>\n<meta property=\"og:description\" content=\"Nuestro equipo estar\u00e1 encantado de asesorarle y responder a cualquier pregunta que tenga sobre el hotel y su estancia en Barcelona. Puede contactar con nosotros a trav\u00e9s de diferentes v\u00edas: [&hellip;]\" \/>\n<meta property=\"og:url\" content=\"https:\/\/www.musikboutiquehotel.com\/es\/contacto\/\" \/>\n<meta property=\"og:site_name\" content=\"musikboutiquehotel.com\" \/>\n<meta property=\"article:modified_time\" content=\"2022-10-13T09:11:05+00:00\" \/>\n<meta name=\"twitter:card\" content=\"summary_large_image\" \/>\n<meta name=\"twitter:label1\" content=\"Tiempo de lectura\" \/>\n\t<meta name=\"twitter:data1\" content=\"1 minuto\" \/>\n<script type=\"application\/ld+json\" class=\"yoast-schema-graph\">{\"@context\":\"https:\/\/schema.org\",\"@graph\":[{\"@type\":\"WebSite\",\"@id\":\"https:\/\/www.musikboutiquehotel.com\/es\/#website\",\"url\":\"https:\/\/www.musikboutiquehotel.com\/es\/\",\"name\":\"musikboutiquehotel.com\",\"description\":\"Hotel Rom\\u00e1ntico en Barcelona\",\"potentialAction\":[{\"@type\":\"SearchAction\",\"target\":\"https:\/\/www.musikboutiquehotel.com\/es\/?s={search_term_string}\",\"query-input\":\"required name=search_term_string\"}],\"inLanguage\":\"es\"},{\"@type\":\"WebPage\",\"@id\":\"https:\/\/www.musikboutiquehotel.com\/es\/contacto\/#webpage\",\"url\":\"https:\/\/www.musikboutiquehotel.com\/es\/contacto\/\",\"name\":\"Contacto - musikboutiquehotel.com\",\"isPartOf\":{\"@id\":\"https:\/\/www.musikboutiquehotel.com\/es\/#website\"},\"datePublished\":\"2021-10-06T14:21:34+00:00\",\"dateModified\":\"2022-10-13T09:11:05+00:00\",\"breadcrumb\":{\"@id\":\"https:\/\/www.musikboutiquehotel.com\/es\/contacto\/#breadcrumb\"},\"inLanguage\":\"es\",\"potentialAction\":[{\"@type\":\"ReadAction\",\"target\":[\"https:\/\/www.musikboutiquehotel.com\/es\/contacto\/\"]}]},{\"@type\":\"BreadcrumbList\",\"@id\":\"https:\/\/www.musikboutiquehotel.com\/es\/contacto\/#breadcrumb\",\"itemListElement\":[{\"@type\":\"ListItem\",\"position\":1,\"name\":\"Home\",\"item\":\"https:\/\/www.musikboutiquehotel.com\/es\/\"},{\"@type\":\"ListItem\",\"position\":2,\"name\":\"Contacto\"}]}]}<\/script>\n<!-- \/ Yoast SEO plugin. -->","_links":{"self":[{"href":"https:\/\/www.musikboutiquehotel.com\/es\/wp-json\/wp\/v2\/pages\/609","targetHints":{"allow":["GET"]}}],"collection":[{"href":"https:\/\/www.musikboutiquehotel.com\/es\/wp-json\/wp\/v2\/pages"}],"about":[{"href":"https:\/\/www.musikboutiquehotel.com\/es\/wp-json\/wp\/v2\/types\/page"}],"author":[{"embeddable":true,"href":"https:\/\/www.musikboutiquehotel.com\/es\/wp-json\/wp\/v2\/users\/1"}],"replies":[{"embeddable":true,"href":"https:\/\/www.musikboutiquehotel.com\/es\/wp-json\/wp\/v2\/comments?post=609"}],"version-history":[{"count":9,"href":"https:\/\/www.musikboutiquehotel.com\/es\/wp-json\/wp\/v2\/pages\/609\/revisions"}],"predecessor-version":[{"id":2004,"href":"https:\/\/www.musikboutiquehotel.com\/es\/wp-json\/wp\/v2\/pages\/609\/revisions\/2004"}],"wp:attachment":[{"href":"https:\/\/www.musikboutiquehotel.com\/es\/wp-json\/wp\/v2\/media?parent=609"}],"curies":[{"name":"wp","href":"https:\/\/api.w.org\/{rel}","templated":true}]}}