{"id":916,"date":"2021-10-06T15:24:42","date_gmt":"2021-10-06T14:24:42","guid":{"rendered":"http:\/\/musikboutiquehotel.com\/?page_id=916"},"modified":"2022-06-17T08:53:56","modified_gmt":"2022-06-17T07:53:56","slug":"localizacion","status":"publish","type":"page","link":"https:\/\/www.musikboutiquehotel.com\/es\/localizacion\/","title":{"rendered":"Localizaci\u00f3n"},"content":{"rendered":"\t\t<div data-elementor-type=\"wp-page\" data-elementor-id=\"916\" class=\"elementor elementor-916 elementor-396\" data-elementor-settings=\"[]\">\n\t\t\t\t\t\t\t<div class=\"elementor-section-wrap\">\n\t\t\t\t\t\t\t<section class=\"elementor-section elementor-top-section elementor-element elementor-element-d7f6d6d elementor-section-boxed elementor-section-height-default elementor-section-height-default\" data-id=\"d7f6d6d\" data-element_type=\"section\">\n\t\t\t\t\t\t<div class=\"elementor-container elementor-column-gap-default\">\n\t\t\t\t\t<div class=\"elementor-column elementor-col-100 elementor-top-column elementor-element elementor-element-38f987a\" data-id=\"38f987a\" data-element_type=\"column\">\n\t\t\t<div class=\"elementor-widget-wrap elementor-element-populated\">\n\t\t\t\t\t\t\t\t<div class=\"elementor-element elementor-element-2321439 elementor-widget elementor-widget-text-editor\" data-id=\"2321439\" data-element_type=\"widget\" data-widget_type=\"text-editor.default\">\n\t\t\t\t<div class=\"elementor-widget-container\">\n\t\t\t\t\t\t\t\t<div class=\"entry-content-intro\"><p>Situado en el coraz\u00f3n del Barrio G\u00f3tico, Musik Boutique Hotel tiene todo lo que podr\u00edas esperar y m\u00e1s . Con habitaciones de lujo disponibles y un personal amable dispuesto a darle la bienvenida, aspiramos a darle la mejor estancia que Barcelona puede ofrecer.<\/p><p>El Musik Boutique Hotel est\u00e1 situado en el barrio de Sant Pere de Barcelona, a s\u00f3lo unos pasos del impresionante Arco de Triunfo y del fascinante Palau de la M\u00fasica Catalana. La ubicaci\u00f3n perfecta para cualquier viaje a la ciudad.<\/p><p><div id='gallery-1' class='gallery galleryid-916 gallery-columns-4 gallery-size-thumbnail'><figure class='gallery-item'>\n\t\t\t<div class='gallery-icon portrait'>\n\t\t\t\t<a href='https:\/\/www.musikboutiquehotel.com\/es\/_mg_2753-2\/'><img loading=\"lazy\" decoding=\"async\" width=\"150\" height=\"150\" src=\"https:\/\/www.musikboutiquehotel.com\/wp-content\/uploads\/2021\/08\/MG_2753-150x150.jpg\" class=\"attachment-thumbnail size-thumbnail\" alt=\"\" srcset=\"https:\/\/www.musikboutiquehotel.com\/wp-content\/uploads\/2021\/08\/MG_2753-150x150.jpg 150w, https:\/\/www.musikboutiquehotel.com\/wp-content\/uploads\/2021\/08\/MG_2753-200x200.jpg 200w\" sizes=\"auto, (max-width: 150px) 100vw, 150px\" \/><\/a>\n\t\t\t<\/div><\/figure><figure class='gallery-item'>\n\t\t\t<div class='gallery-icon portrait'>\n\t\t\t\t<a href='https:\/\/www.musikboutiquehotel.com\/es\/marcroyocoller-2\/'><img loading=\"lazy\" decoding=\"async\" width=\"150\" height=\"150\" src=\"https:\/\/www.musikboutiquehotel.com\/wp-content\/uploads\/2021\/08\/@marcroyocoller-150x150.png\" class=\"attachment-thumbnail size-thumbnail\" alt=\"\" srcset=\"https:\/\/www.musikboutiquehotel.com\/wp-content\/uploads\/2021\/08\/@marcroyocoller-150x150.png 150w, https:\/\/www.musikboutiquehotel.com\/wp-content\/uploads\/2021\/08\/@marcroyocoller-200x200.png 200w\" sizes=\"auto, (max-width: 150px) 100vw, 150px\" \/><\/a>\n\t\t\t<\/div><\/figure><figure class='gallery-item'>\n\t\t\t<div class='gallery-icon portrait'>\n\t\t\t\t<a href='https:\/\/www.musikboutiquehotel.com\/es\/michaelbcn_-2\/'><img loading=\"lazy\" decoding=\"async\" width=\"150\" height=\"150\" src=\"https:\/\/www.musikboutiquehotel.com\/wp-content\/uploads\/2021\/08\/@michaelbcn_-150x150.png\" class=\"attachment-thumbnail size-thumbnail\" alt=\"\" srcset=\"https:\/\/www.musikboutiquehotel.com\/wp-content\/uploads\/2021\/08\/@michaelbcn_-150x150.png 150w, https:\/\/www.musikboutiquehotel.com\/wp-content\/uploads\/2021\/08\/@michaelbcn_-200x200.png 200w\" sizes=\"auto, (max-width: 150px) 100vw, 150px\" \/><\/a>\n\t\t\t<\/div><\/figure><figure class='gallery-item'>\n\t\t\t<div class='gallery-icon portrait'>\n\t\t\t\t<a href='https:\/\/www.musikboutiquehotel.com\/es\/pll-sandra-2\/'><img loading=\"lazy\" decoding=\"async\" width=\"150\" height=\"150\" src=\"https:\/\/www.musikboutiquehotel.com\/wp-content\/uploads\/2021\/08\/@pll.sandra-150x150.png\" class=\"attachment-thumbnail size-thumbnail\" alt=\"\" srcset=\"https:\/\/www.musikboutiquehotel.com\/wp-content\/uploads\/2021\/08\/@pll.sandra-150x150.png 150w, https:\/\/www.musikboutiquehotel.com\/wp-content\/uploads\/2021\/08\/@pll.sandra-200x200.png 200w\" sizes=\"auto, (max-width: 150px) 100vw, 150px\" \/><\/a>\n\t\t\t<\/div><\/figure>\n\t\t<\/div>\n<\/p><p>Calles estrechas, cielos azules y un centro de cultura&#8230; Y en el coraz\u00f3n de Barcelona se encuentra Musik Boutique Hotel, que tiene f\u00e1cil acceso a las partes centrales de la ciudad y m\u00e1s all\u00e1. A lo largo de todos los meses del a\u00f1o, nuestro hotel estar\u00e1 ah\u00ed para ofrecerle la mejor experiencia posible durante su estancia en Barcelona.<\/p><\/div><h3>Musik Boutique Hotel<\/h3><p class=\"\">Calle de Sant Pere M\u00e9s Baix, 62<br \/>08003, Barcelona, Espa\u00f1a<br \/>Tel\u00e9fono: +34 932 22 55 44<br \/>Email: info@musikboutiquehotel.com<\/p><h3>C\u00f3mo llegar<\/h3><p><iframe loading=\"lazy\" style=\"border: 0;\" src=\"https:\/\/www.google.com\/maps\/embed?pb=!1m18!1m12!1m3!1d2993.3590502052193!2d2.176208515425801!3d41.38800827926419!2m3!1f0!2f0!3f0!3m2!1i1024!2i768!4f13.1!3m3!1m2!1s0x12a4a2fb9faad9a9%3A0x3ae2c7d2d375e3f2!2sMusik%20Boutique%20Hotel!5e0!3m2!1ses!2ses!4v1623765990522!5m2!1ses!2ses\" width=\"850\" height=\"470\" frameborder=\"0\" allowfullscreen=\"allowfullscreen\"><\/iframe><\/p><p>Puede ponerse en contacto con nosotros por tel\u00e9fono, correo electr\u00f3nico o dejando su comentario en el siguiente formulario. El personal del Musik Boutique Hotel le atender\u00e1 lo antes posible.<\/p><h3>Formulario de contacto<\/h3><p><div role=\"form\" class=\"wpcf7\" id=\"wpcf7-f209-o1\" lang=\"en-US\" dir=\"ltr\">\n<div class=\"screen-reader-response\"><p role=\"status\" aria-live=\"polite\" aria-atomic=\"true\"><\/p> <ul><\/ul><\/div>\n<form action=\"\/es\/wp-json\/wp\/v2\/pages\/916#wpcf7-f209-o1\" method=\"post\" class=\"wpcf7-form init\" novalidate=\"novalidate\" data-status=\"init\">\n<div style=\"display: none;\">\n<input type=\"hidden\" name=\"_wpcf7\" value=\"209\" \/>\n<input type=\"hidden\" name=\"_wpcf7_version\" value=\"5.4.1\" \/>\n<input type=\"hidden\" name=\"_wpcf7_locale\" value=\"en_US\" \/>\n<input type=\"hidden\" name=\"_wpcf7_unit_tag\" value=\"wpcf7-f209-o1\" \/>\n<input type=\"hidden\" name=\"_wpcf7_container_post\" value=\"0\" \/>\n<input type=\"hidden\" name=\"_wpcf7_posted_data_hash\" value=\"\" \/>\n<\/div>\n<p><label>Your Name (required)<\/label><span class=\"wpcf7-form-control-wrap your-name\"><input type=\"text\" name=\"your-name\" value=\"\" size=\"40\" class=\"wpcf7-form-control wpcf7-text wpcf7-validates-as-required\" aria-required=\"true\" aria-invalid=\"false\" \/><\/span><\/p>\n<p><label>Your Email (required)<\/label><span class=\"wpcf7-form-control-wrap your-email\"><input type=\"email\" name=\"your-email\" value=\"\" size=\"40\" class=\"wpcf7-form-control wpcf7-text wpcf7-email wpcf7-validates-as-required wpcf7-validates-as-email\" aria-required=\"true\" aria-invalid=\"false\" \/><\/span><\/p>\n<p><label>Subject <\/label><span class=\"wpcf7-form-control-wrap your-subject\"><input type=\"text\" name=\"your-subject\" value=\"\" size=\"40\" class=\"wpcf7-form-control wpcf7-text\" aria-invalid=\"false\" \/><\/span><\/p>\n<p><label>Your Message <\/label><span class=\"wpcf7-form-control-wrap your-message\"><textarea name=\"your-message\" cols=\"40\" rows=\"10\" class=\"wpcf7-form-control wpcf7-textarea\" aria-invalid=\"false\"><\/textarea><\/span><\/p>\n<p><input type=\"submit\" value=\"Send\" class=\"wpcf7-form-control wpcf7-submit\" \/><\/p>\n<div class=\"wpcf7-response-output\" aria-hidden=\"true\"><\/div><\/form><\/div><\/p>\t\t\t\t\t\t<\/div>\n\t\t\t\t<\/div>\n\t\t\t\t\t<\/div>\n\t\t<\/div>\n\t\t\t\t\t\t\t<\/div>\n\t\t<\/section>\n\t\t\t\t\t\t<\/div>\n\t\t\t\t\t<\/div>\n\t\t","protected":false},"excerpt":{"rendered":"<p>Situado en el coraz\u00f3n del Barrio G\u00f3tico, Musik Boutique Hotel tiene todo lo que podr\u00edas esperar y m\u00e1s . Con habitaciones de lujo disponibles y un personal amable dispuesto a [&hellip;]<\/p>\n","protected":false},"author":1,"featured_media":0,"parent":0,"menu_order":0,"comment_status":"closed","ping_status":"closed","template":"","meta":{"footnotes":""},"class_list":["post-916","page","type-page","status-publish","hentry"],"yoast_head":"<!-- This site is optimized with the Yoast SEO plugin v16.5 - https:\/\/yoast.com\/wordpress\/plugins\/seo\/ -->\n<title>Localizaci\u00f3n - musikboutiquehotel.com<\/title>\n<meta name=\"robots\" content=\"index, follow, max-snippet:-1, max-image-preview:large, max-video-preview:-1\" \/>\n<link rel=\"canonical\" href=\"https:\/\/www.musikboutiquehotel.com\/es\/localizacion\/\" \/>\n<meta property=\"og:locale\" content=\"es_ES\" \/>\n<meta property=\"og:type\" content=\"article\" \/>\n<meta property=\"og:title\" content=\"Localizaci\u00f3n - musikboutiquehotel.com\" \/>\n<meta property=\"og:description\" content=\"Situado en el coraz\u00f3n del Barrio G\u00f3tico, Musik Boutique Hotel tiene todo lo que podr\u00edas esperar y m\u00e1s . Con habitaciones de lujo disponibles y un personal amable dispuesto a [&hellip;]\" \/>\n<meta property=\"og:url\" content=\"https:\/\/www.musikboutiquehotel.com\/es\/localizacion\/\" \/>\n<meta property=\"og:site_name\" content=\"musikboutiquehotel.com\" \/>\n<meta property=\"article:modified_time\" content=\"2022-06-17T07:53:56+00:00\" \/>\n<meta property=\"og:image\" content=\"https:\/\/www.musikboutiquehotel.com\/wp-content\/uploads\/2021\/08\/MG_2753-150x150.jpg\" \/>\n<meta name=\"twitter:card\" content=\"summary_large_image\" \/>\n<meta name=\"twitter:label1\" content=\"Tiempo de lectura\" \/>\n\t<meta name=\"twitter:data1\" content=\"1 minuto\" \/>\n<script type=\"application\/ld+json\" class=\"yoast-schema-graph\">{\"@context\":\"https:\/\/schema.org\",\"@graph\":[{\"@type\":\"WebSite\",\"@id\":\"https:\/\/www.musikboutiquehotel.com\/es\/#website\",\"url\":\"https:\/\/www.musikboutiquehotel.com\/es\/\",\"name\":\"musikboutiquehotel.com\",\"description\":\"Hotel Rom\\u00e1ntico en Barcelona\",\"potentialAction\":[{\"@type\":\"SearchAction\",\"target\":\"https:\/\/www.musikboutiquehotel.com\/es\/?s={search_term_string}\",\"query-input\":\"required name=search_term_string\"}],\"inLanguage\":\"es\"},{\"@type\":\"WebPage\",\"@id\":\"https:\/\/www.musikboutiquehotel.com\/es\/localizacion\/#webpage\",\"url\":\"https:\/\/www.musikboutiquehotel.com\/es\/localizacion\/\",\"name\":\"Localizaci\\u00f3n - musikboutiquehotel.com\",\"isPartOf\":{\"@id\":\"https:\/\/www.musikboutiquehotel.com\/es\/#website\"},\"datePublished\":\"2021-10-06T14:24:42+00:00\",\"dateModified\":\"2022-06-17T07:53:56+00:00\",\"breadcrumb\":{\"@id\":\"https:\/\/www.musikboutiquehotel.com\/es\/localizacion\/#breadcrumb\"},\"inLanguage\":\"es\",\"potentialAction\":[{\"@type\":\"ReadAction\",\"target\":[\"https:\/\/www.musikboutiquehotel.com\/es\/localizacion\/\"]}]},{\"@type\":\"BreadcrumbList\",\"@id\":\"https:\/\/www.musikboutiquehotel.com\/es\/localizacion\/#breadcrumb\",\"itemListElement\":[{\"@type\":\"ListItem\",\"position\":1,\"name\":\"Home\",\"item\":\"https:\/\/www.musikboutiquehotel.com\/es\/\"},{\"@type\":\"ListItem\",\"position\":2,\"name\":\"Localizaci\\u00f3n\"}]}]}<\/script>\n<!-- \/ Yoast SEO plugin. -->","_links":{"self":[{"href":"https:\/\/www.musikboutiquehotel.com\/es\/wp-json\/wp\/v2\/pages\/916","targetHints":{"allow":["GET"]}}],"collection":[{"href":"https:\/\/www.musikboutiquehotel.com\/es\/wp-json\/wp\/v2\/pages"}],"about":[{"href":"https:\/\/www.musikboutiquehotel.com\/es\/wp-json\/wp\/v2\/types\/page"}],"author":[{"embeddable":true,"href":"https:\/\/www.musikboutiquehotel.com\/es\/wp-json\/wp\/v2\/users\/1"}],"replies":[{"embeddable":true,"href":"https:\/\/www.musikboutiquehotel.com\/es\/wp-json\/wp\/v2\/comments?post=916"}],"version-history":[{"count":8,"href":"https:\/\/www.musikboutiquehotel.com\/es\/wp-json\/wp\/v2\/pages\/916\/revisions"}],"predecessor-version":[{"id":1835,"href":"https:\/\/www.musikboutiquehotel.com\/es\/wp-json\/wp\/v2\/pages\/916\/revisions\/1835"}],"wp:attachment":[{"href":"https:\/\/www.musikboutiquehotel.com\/es\/wp-json\/wp\/v2\/media?parent=916"}],"curies":[{"name":"wp","href":"https:\/\/api.w.org\/{rel}","templated":true}]}}