{"id":922,"date":"2021-10-06T15:31:03","date_gmt":"2021-10-06T14:31:03","guid":{"rendered":"http:\/\/musikboutiquehotel.com\/?page_id=922"},"modified":"2022-06-17T08:55:50","modified_gmt":"2022-06-17T07:55:50","slug":"habitaciones-de-musik-boutique-hotel","status":"publish","type":"page","link":"https:\/\/www.musikboutiquehotel.com\/es\/habitaciones-de-musik-boutique-hotel\/","title":{"rendered":"Habitaciones"},"content":{"rendered":"\t\t<div data-elementor-type=\"wp-page\" data-elementor-id=\"922\" class=\"elementor elementor-922 elementor-96\" data-elementor-settings=\"[]\">\n\t\t\t\t\t\t\t<div class=\"elementor-section-wrap\">\n\t\t\t\t\t\t\t<section class=\"elementor-section elementor-top-section elementor-element elementor-element-12c470f4 elementor-section-boxed elementor-section-height-default elementor-section-height-default\" data-id=\"12c470f4\" data-element_type=\"section\">\n\t\t\t\t\t\t<div class=\"elementor-container elementor-column-gap-default\">\n\t\t\t\t\t<div class=\"elementor-column elementor-col-100 elementor-top-column elementor-element elementor-element-732a1c18\" data-id=\"732a1c18\" data-element_type=\"column\">\n\t\t\t<div class=\"elementor-widget-wrap elementor-element-populated\">\n\t\t\t\t\t\t\t\t<div class=\"elementor-element elementor-element-502235cd elementor-widget elementor-widget-text-editor\" data-id=\"502235cd\" data-element_type=\"widget\" data-widget_type=\"text-editor.default\">\n\t\t\t\t<div class=\"elementor-widget-container\">\n\t\t\t\t\t\t\t\t<div class=\"entry-content-intro\"><p>Nuestras habitaciones, modernas y con clase, le ofrecer\u00e1n una estancia inolvidable en Barcelona. Equipadas con el m\u00e1ximo confort, luz natural y muchos m\u00e1s detalles que le dejar\u00e1n sin palabras. Luminosas, amplias y c\u00f3modas. Todas y cada una de nuestras habitaciones han sido creadas y cuidadas pensando en nuestros clientes.<\/p><p>Queremos que se sientan como en casa y satisfechos con los servicios que les ofrecemos, haciendo que su escapada a la ciudad sea a\u00fan mejor. En el Musik Boutique Hotel 3* disponemos de 23 exclusivas habitaciones personalizadas, decoradas con gusto y totalmente equipadas. Todas las habitaciones son para no fumadores y han sido dise\u00f1adas para el m\u00e1ximo confort, y gracias a su posici\u00f3n exterior disfrutan de luz natural.<\/p><\/div>\t\t\t\t\t\t<\/div>\n\t\t\t\t<\/div>\n\t\t\t\t\t<\/div>\n\t\t<\/div>\n\t\t\t\t\t\t\t<\/div>\n\t\t<\/section>\n\t\t\t\t\t\t<\/div>\n\t\t\t\t\t<\/div>\n\t\t","protected":false},"excerpt":{"rendered":"<p>Nuestras habitaciones, modernas y con clase, le ofrecer\u00e1n una estancia inolvidable en Barcelona. Equipadas con el m\u00e1ximo confort, luz natural y muchos m\u00e1s detalles que le dejar\u00e1n sin palabras. Luminosas, [&hellip;]<\/p>\n","protected":false},"author":1,"featured_media":0,"parent":0,"menu_order":0,"comment_status":"closed","ping_status":"closed","template":"","meta":{"footnotes":""},"class_list":["post-922","page","type-page","status-publish","hentry"],"yoast_head":"<!-- This site is optimized with the Yoast SEO plugin v16.5 - https:\/\/yoast.com\/wordpress\/plugins\/seo\/ -->\n<title>Habitaciones - musikboutiquehotel.com<\/title>\n<meta name=\"robots\" content=\"index, follow, max-snippet:-1, max-image-preview:large, max-video-preview:-1\" \/>\n<link rel=\"canonical\" href=\"https:\/\/www.musikboutiquehotel.com\/es\/habitaciones-de-musik-boutique-hotel\/\" \/>\n<meta property=\"og:locale\" content=\"es_ES\" \/>\n<meta property=\"og:type\" content=\"article\" \/>\n<meta property=\"og:title\" content=\"Habitaciones - musikboutiquehotel.com\" \/>\n<meta property=\"og:description\" content=\"Nuestras habitaciones, modernas y con clase, le ofrecer\u00e1n una estancia inolvidable en Barcelona. Equipadas con el m\u00e1ximo confort, luz natural y muchos m\u00e1s detalles que le dejar\u00e1n sin palabras. Luminosas, [&hellip;]\" \/>\n<meta property=\"og:url\" content=\"https:\/\/www.musikboutiquehotel.com\/es\/habitaciones-de-musik-boutique-hotel\/\" \/>\n<meta property=\"og:site_name\" content=\"musikboutiquehotel.com\" \/>\n<meta property=\"article:modified_time\" content=\"2022-06-17T07:55:50+00:00\" \/>\n<meta name=\"twitter:card\" content=\"summary_large_image\" \/>\n<meta name=\"twitter:label1\" content=\"Tiempo de lectura\" \/>\n\t<meta name=\"twitter:data1\" content=\"1 minuto\" \/>\n<script type=\"application\/ld+json\" class=\"yoast-schema-graph\">{\"@context\":\"https:\/\/schema.org\",\"@graph\":[{\"@type\":\"WebSite\",\"@id\":\"https:\/\/www.musikboutiquehotel.com\/es\/#website\",\"url\":\"https:\/\/www.musikboutiquehotel.com\/es\/\",\"name\":\"musikboutiquehotel.com\",\"description\":\"Hotel Rom\\u00e1ntico en Barcelona\",\"potentialAction\":[{\"@type\":\"SearchAction\",\"target\":\"https:\/\/www.musikboutiquehotel.com\/es\/?s={search_term_string}\",\"query-input\":\"required name=search_term_string\"}],\"inLanguage\":\"es\"},{\"@type\":\"WebPage\",\"@id\":\"https:\/\/www.musikboutiquehotel.com\/es\/habitaciones-de-musik-boutique-hotel\/#webpage\",\"url\":\"https:\/\/www.musikboutiquehotel.com\/es\/habitaciones-de-musik-boutique-hotel\/\",\"name\":\"Habitaciones - musikboutiquehotel.com\",\"isPartOf\":{\"@id\":\"https:\/\/www.musikboutiquehotel.com\/es\/#website\"},\"datePublished\":\"2021-10-06T14:31:03+00:00\",\"dateModified\":\"2022-06-17T07:55:50+00:00\",\"breadcrumb\":{\"@id\":\"https:\/\/www.musikboutiquehotel.com\/es\/habitaciones-de-musik-boutique-hotel\/#breadcrumb\"},\"inLanguage\":\"es\",\"potentialAction\":[{\"@type\":\"ReadAction\",\"target\":[\"https:\/\/www.musikboutiquehotel.com\/es\/habitaciones-de-musik-boutique-hotel\/\"]}]},{\"@type\":\"BreadcrumbList\",\"@id\":\"https:\/\/www.musikboutiquehotel.com\/es\/habitaciones-de-musik-boutique-hotel\/#breadcrumb\",\"itemListElement\":[{\"@type\":\"ListItem\",\"position\":1,\"name\":\"Home\",\"item\":\"https:\/\/www.musikboutiquehotel.com\/es\/\"},{\"@type\":\"ListItem\",\"position\":2,\"name\":\"Habitaciones\"}]}]}<\/script>\n<!-- \/ Yoast SEO plugin. -->","_links":{"self":[{"href":"https:\/\/www.musikboutiquehotel.com\/es\/wp-json\/wp\/v2\/pages\/922","targetHints":{"allow":["GET"]}}],"collection":[{"href":"https:\/\/www.musikboutiquehotel.com\/es\/wp-json\/wp\/v2\/pages"}],"about":[{"href":"https:\/\/www.musikboutiquehotel.com\/es\/wp-json\/wp\/v2\/types\/page"}],"author":[{"embeddable":true,"href":"https:\/\/www.musikboutiquehotel.com\/es\/wp-json\/wp\/v2\/users\/1"}],"replies":[{"embeddable":true,"href":"https:\/\/www.musikboutiquehotel.com\/es\/wp-json\/wp\/v2\/comments?post=922"}],"version-history":[{"count":8,"href":"https:\/\/www.musikboutiquehotel.com\/es\/wp-json\/wp\/v2\/pages\/922\/revisions"}],"predecessor-version":[{"id":1838,"href":"https:\/\/www.musikboutiquehotel.com\/es\/wp-json\/wp\/v2\/pages\/922\/revisions\/1838"}],"wp:attachment":[{"href":"https:\/\/www.musikboutiquehotel.com\/es\/wp-json\/wp\/v2\/media?parent=922"}],"curies":[{"name":"wp","href":"https:\/\/api.w.org\/{rel}","templated":true}]}}